{"id":16771,"date":"2022-05-23T14:08:26","date_gmt":"2022-05-23T12:08:26","guid":{"rendered":"https:\/\/blog.ptvgroup.com\/cookie-preference\/"},"modified":"2022-05-24T13:28:22","modified_gmt":"2022-05-24T11:28:22","slug":"cookie-preference","status":"publish","type":"page","link":"https:\/\/blog.ptvlogistics.com\/de\/cookie-preference\/","title":{"rendered":"Cookie Preference"},"content":{"rendered":"<div class=\"wpb-content-wrapper\"><p>[vc_row][vc_column][vc_empty_space height=&#8221;100px&#8221;][\/vc_column][\/vc_row][vc_row][vc_column][vc_column_text]<\/p>\n<h1 style=\"text-align: center;\">Verwalten Sie Ihre Cookie-Pr\u00e4ferenzen<\/h1>\n<p>[\/vc_column_text][\/vc_column][\/vc_row][vc_row][vc_column][vc_column_text]<\/p>\n<p>Diese Webseite verwendet Cookies. Cookies sind f\u00fcr die korrekte Funktionsweise einer Website wichtig. Um Ihnen eine angenehmere Erfahrung zu bieten, nutzen wir Cookies zum Speichern Ihrer Anmeldedaten, um f\u00fcr sichere Anmeldung zu sorgen, um statistische Daten zur Optimierung der Website-Funktionen zu erheben und um Ihnen Inhalt bereitzustellen, der auf Ihre Interessen zugeschnitten ist. Sie haben jederzeit die M\u00f6glichkeit, dem Einsatz der Cookies zu widersprechen. Der Consent-Manager wird in der Sprache angezeigt, die Sie als Standardsprache f\u00fcr Ihren Browser festgelegt haben. [\/vc_column_text][vc_raw_html]JTNDYSUyMGhyZWYlM0QlMjJqYXZhc2NyaXB0JTNBRGlkb21pLnByZWZlcmVuY2VzLnNob3clMjglMjklMjIlMjB0YXJnZXQlM0QlMjJfc2VsZiUyMiUzRUNsaWNrJTIwaGVyZSUyMHRvJTIwcmV2aWV3JTIweW91ciUyMGNvbnNlbnQlMjBjaG9pY2VzJTIwZm9yJTIwUFRWLiUyMCUzQyUyRmElM0U=[\/vc_raw_html][\/vc_column][\/vc_row][vc_row][vc_column][vc_empty_space height=&#8221;100px&#8221;][vc_empty_space height=&#8221;100px&#8221;][\/vc_column][\/vc_row]<\/p>\n<\/div>","protected":false},"excerpt":{"rendered":"<p class=\"card-text\"> Verwalten Sie Ihre Cookie-Pr\u00e4ferenzen  Diese Webseite verwendet Cookies. Cookies sind f\u00fcr die korrekte Funktionsweise einer Website wichtig. Um Ihnen eine angenehmere Erfahrung zu bieten, nutzen wir Cookies zum Speichern Ihrer Anmeldedaten, um f\u00fcr sichere Anmeldung zu sorgen, um statistische Daten zur Optimierung der Website-Funktionen zu erheben und um Ihnen Inhalt bereitzustellen, der [&#8230;]<\/p>\n<p class=\"m-0\"><a class=\"btn btn-outline-secondary btn-read-more\" href=\"https:\/\/blog.ptvlogistics.com\/de\/cookie-preference\/\">Weiterlesen<\/a><\/p>\n","protected":false},"author":5,"featured_media":0,"parent":0,"menu_order":0,"comment_status":"closed","ping_status":"closed","template":"","meta":{"footnotes":""},"class_list":["post-16771","page","type-page","status-publish","hentry"],"yoast_head":"<!-- This site is optimized with the Yoast SEO plugin v27.4 - https:\/\/yoast.com\/product\/yoast-seo-wordpress\/ -->\n<title>Cookie Preference | PTV Logistics Blog<\/title>\n<meta name=\"robots\" content=\"index, follow, max-snippet:-1, max-image-preview:large, max-video-preview:-1\" \/>\n<link rel=\"canonical\" href=\"https:\/\/blog.ptvlogistics.com\/en\/cookie-preferences\/\" \/>\n<meta property=\"og:locale\" content=\"de_DE\" \/>\n<meta property=\"og:type\" content=\"article\" \/>\n<meta property=\"og:title\" content=\"Cookie Preference | PTV Logistics Blog\" \/>\n<meta property=\"og:description\" content=\"Verwalten Sie Ihre Cookie-Pr\u00e4ferenzen Diese Webseite verwendet Cookies. Cookies sind f\u00fcr die korrekte Funktionsweise einer Website wichtig. Um Ihnen eine angenehmere Erfahrung zu bieten, nutzen wir Cookies zum Speichern Ihrer Anmeldedaten, um f\u00fcr sichere Anmeldung zu sorgen, um statistische Daten zur Optimierung der Website-Funktionen zu erheben und um Ihnen Inhalt bereitzustellen, der [...]Weiterlesen\" \/>\n<meta property=\"og:url\" content=\"https:\/\/blog.ptvlogistics.com\/en\/cookie-preferences\/\" \/>\n<meta property=\"og:site_name\" content=\"PTV Logistics Blog\" \/>\n<meta property=\"article:modified_time\" content=\"2022-05-24T11:28:22+00:00\" \/>\n<meta name=\"twitter:card\" content=\"summary_large_image\" \/>\n<meta name=\"twitter:label1\" content=\"Gesch\u00e4tzte Lesezeit\" \/>\n\t<meta name=\"twitter:data1\" content=\"1\u00a0Minute\" \/>\n<script type=\"application\/ld+json\" class=\"yoast-schema-graph\">{\"@context\":\"https:\\\/\\\/schema.org\",\"@graph\":[{\"@type\":\"WebPage\",\"@id\":\"https:\\\/\\\/blog.ptvlogistics.com\\\/en\\\/cookie-preferences\\\/\",\"url\":\"https:\\\/\\\/blog.ptvlogistics.com\\\/en\\\/cookie-preferences\\\/\",\"name\":\"Cookie Preference | PTV Logistics Blog\",\"isPartOf\":{\"@id\":\"https:\\\/\\\/blog.ptvlogistics.com\\\/en\\\/#website\"},\"datePublished\":\"2022-05-23T12:08:26+00:00\",\"dateModified\":\"2022-05-24T11:28:22+00:00\",\"breadcrumb\":{\"@id\":\"https:\\\/\\\/blog.ptvlogistics.com\\\/en\\\/cookie-preferences\\\/#breadcrumb\"},\"inLanguage\":\"de\",\"potentialAction\":[{\"@type\":\"ReadAction\",\"target\":[\"https:\\\/\\\/blog.ptvlogistics.com\\\/en\\\/cookie-preferences\\\/\"]}]},{\"@type\":\"BreadcrumbList\",\"@id\":\"https:\\\/\\\/blog.ptvlogistics.com\\\/en\\\/cookie-preferences\\\/#breadcrumb\",\"itemListElement\":[{\"@type\":\"ListItem\",\"position\":1,\"name\":\"Startseite\",\"item\":\"https:\\\/\\\/blog.ptvlogistics.com\\\/de\\\/\"},{\"@type\":\"ListItem\",\"position\":2,\"name\":\"Cookie Preference\"}]},{\"@type\":\"WebSite\",\"@id\":\"https:\\\/\\\/blog.ptvlogistics.com\\\/en\\\/#website\",\"url\":\"https:\\\/\\\/blog.ptvlogistics.com\\\/en\\\/\",\"name\":\"PTV Logistics Blog\",\"description\":\"Wir schreiben \u00fcber Technologien, die \u00fcber erstklassige Algorithmen und Daten verf\u00fcgen, um Einsparungen bei Logistikkosten und Emissionen zu erzielen.\",\"publisher\":{\"@id\":\"https:\\\/\\\/blog.ptvlogistics.com\\\/en\\\/#organization\"},\"potentialAction\":[{\"@type\":\"SearchAction\",\"target\":{\"@type\":\"EntryPoint\",\"urlTemplate\":\"https:\\\/\\\/blog.ptvlogistics.com\\\/en\\\/?s={search_term_string}\"},\"query-input\":{\"@type\":\"PropertyValueSpecification\",\"valueRequired\":true,\"valueName\":\"search_term_string\"}}],\"inLanguage\":\"de\"},{\"@type\":\"Organization\",\"@id\":\"https:\\\/\\\/blog.ptvlogistics.com\\\/en\\\/#organization\",\"name\":\"PTV Logistics\",\"url\":\"https:\\\/\\\/blog.ptvlogistics.com\\\/en\\\/\",\"logo\":{\"@type\":\"ImageObject\",\"inLanguage\":\"de\",\"@id\":\"https:\\\/\\\/blog.ptvlogistics.com\\\/en\\\/#\\\/schema\\\/logo\\\/image\\\/\",\"url\":\"https:\\\/\\\/blog.ptvlogistics.com\\\/wp-content\\\/uploads\\\/2023\\\/08\\\/PTV_Logistics_black_black.png\",\"contentUrl\":\"https:\\\/\\\/blog.ptvlogistics.com\\\/wp-content\\\/uploads\\\/2023\\\/08\\\/PTV_Logistics_black_black.png\",\"width\":1479,\"height\":266,\"caption\":\"PTV Logistics\"},\"image\":{\"@id\":\"https:\\\/\\\/blog.ptvlogistics.com\\\/en\\\/#\\\/schema\\\/logo\\\/image\\\/\"},\"sameAs\":[\"https:\\\/\\\/be.linkedin.com\\\/company\\\/ptvlogistics\",\"https:\\\/\\\/www.youtube.com\\\/@PTVGroupLogistics\"]}]}<\/script>\n<!-- \/ Yoast SEO plugin. -->","yoast_head_json":{"title":"Cookie Preference | PTV Logistics Blog","robots":{"index":"index","follow":"follow","max-snippet":"max-snippet:-1","max-image-preview":"max-image-preview:large","max-video-preview":"max-video-preview:-1"},"canonical":"https:\/\/blog.ptvlogistics.com\/en\/cookie-preferences\/","og_locale":"de_DE","og_type":"article","og_title":"Cookie Preference | PTV Logistics Blog","og_description":"Verwalten Sie Ihre Cookie-Pr\u00e4ferenzen Diese Webseite verwendet Cookies. Cookies sind f\u00fcr die korrekte Funktionsweise einer Website wichtig. Um Ihnen eine angenehmere Erfahrung zu bieten, nutzen wir Cookies zum Speichern Ihrer Anmeldedaten, um f\u00fcr sichere Anmeldung zu sorgen, um statistische Daten zur Optimierung der Website-Funktionen zu erheben und um Ihnen Inhalt bereitzustellen, der [...]Weiterlesen","og_url":"https:\/\/blog.ptvlogistics.com\/en\/cookie-preferences\/","og_site_name":"PTV Logistics Blog","article_modified_time":"2022-05-24T11:28:22+00:00","twitter_card":"summary_large_image","twitter_misc":{"Gesch\u00e4tzte Lesezeit":"1\u00a0Minute"},"schema":{"@context":"https:\/\/schema.org","@graph":[{"@type":"WebPage","@id":"https:\/\/blog.ptvlogistics.com\/en\/cookie-preferences\/","url":"https:\/\/blog.ptvlogistics.com\/en\/cookie-preferences\/","name":"Cookie Preference | PTV Logistics Blog","isPartOf":{"@id":"https:\/\/blog.ptvlogistics.com\/en\/#website"},"datePublished":"2022-05-23T12:08:26+00:00","dateModified":"2022-05-24T11:28:22+00:00","breadcrumb":{"@id":"https:\/\/blog.ptvlogistics.com\/en\/cookie-preferences\/#breadcrumb"},"inLanguage":"de","potentialAction":[{"@type":"ReadAction","target":["https:\/\/blog.ptvlogistics.com\/en\/cookie-preferences\/"]}]},{"@type":"BreadcrumbList","@id":"https:\/\/blog.ptvlogistics.com\/en\/cookie-preferences\/#breadcrumb","itemListElement":[{"@type":"ListItem","position":1,"name":"Startseite","item":"https:\/\/blog.ptvlogistics.com\/de\/"},{"@type":"ListItem","position":2,"name":"Cookie Preference"}]},{"@type":"WebSite","@id":"https:\/\/blog.ptvlogistics.com\/en\/#website","url":"https:\/\/blog.ptvlogistics.com\/en\/","name":"PTV Logistics Blog","description":"Wir schreiben \u00fcber Technologien, die \u00fcber erstklassige Algorithmen und Daten verf\u00fcgen, um Einsparungen bei Logistikkosten und Emissionen zu erzielen.","publisher":{"@id":"https:\/\/blog.ptvlogistics.com\/en\/#organization"},"potentialAction":[{"@type":"SearchAction","target":{"@type":"EntryPoint","urlTemplate":"https:\/\/blog.ptvlogistics.com\/en\/?s={search_term_string}"},"query-input":{"@type":"PropertyValueSpecification","valueRequired":true,"valueName":"search_term_string"}}],"inLanguage":"de"},{"@type":"Organization","@id":"https:\/\/blog.ptvlogistics.com\/en\/#organization","name":"PTV Logistics","url":"https:\/\/blog.ptvlogistics.com\/en\/","logo":{"@type":"ImageObject","inLanguage":"de","@id":"https:\/\/blog.ptvlogistics.com\/en\/#\/schema\/logo\/image\/","url":"https:\/\/blog.ptvlogistics.com\/wp-content\/uploads\/2023\/08\/PTV_Logistics_black_black.png","contentUrl":"https:\/\/blog.ptvlogistics.com\/wp-content\/uploads\/2023\/08\/PTV_Logistics_black_black.png","width":1479,"height":266,"caption":"PTV Logistics"},"image":{"@id":"https:\/\/blog.ptvlogistics.com\/en\/#\/schema\/logo\/image\/"},"sameAs":["https:\/\/be.linkedin.com\/company\/ptvlogistics","https:\/\/www.youtube.com\/@PTVGroupLogistics"]}]}},"_links":{"self":[{"href":"https:\/\/blog.ptvlogistics.com\/de\/wp-json\/wp\/v2\/pages\/16771","targetHints":{"allow":["GET"]}}],"collection":[{"href":"https:\/\/blog.ptvlogistics.com\/de\/wp-json\/wp\/v2\/pages"}],"about":[{"href":"https:\/\/blog.ptvlogistics.com\/de\/wp-json\/wp\/v2\/types\/page"}],"author":[{"embeddable":true,"href":"https:\/\/blog.ptvlogistics.com\/de\/wp-json\/wp\/v2\/users\/5"}],"replies":[{"embeddable":true,"href":"https:\/\/blog.ptvlogistics.com\/de\/wp-json\/wp\/v2\/comments?post=16771"}],"version-history":[{"count":1,"href":"https:\/\/blog.ptvlogistics.com\/de\/wp-json\/wp\/v2\/pages\/16771\/revisions"}],"predecessor-version":[{"id":16850,"href":"https:\/\/blog.ptvlogistics.com\/de\/wp-json\/wp\/v2\/pages\/16771\/revisions\/16850"}],"wp:attachment":[{"href":"https:\/\/blog.ptvlogistics.com\/de\/wp-json\/wp\/v2\/media?parent=16771"}],"curies":[{"name":"wp","href":"https:\/\/api.w.org\/{rel}","templated":true}]}}