{"id":20540,"date":"2023-06-22T08:29:17","date_gmt":"2023-06-22T06:29:17","guid":{"rendered":"https:\/\/test.ptvgroup.com\/suche\/"},"modified":"2023-06-22T08:29:17","modified_gmt":"2023-06-22T06:29:17","slug":"suche","status":"publish","type":"page","link":"https:\/\/blog.ptvlogistics.com\/de\/suche\/","title":{"rendered":"Suche"},"content":{"rendered":"","protected":false},"excerpt":{"rendered":"<p class=\"card-text\"> [&#8230;]<\/p>\n<p class=\"m-0\"><a class=\"btn btn-outline-secondary btn-read-more\" href=\"https:\/\/blog.ptvlogistics.com\/de\/suche\/\">Weiterlesen<\/a><\/p>\n","protected":false},"author":5,"featured_media":0,"parent":0,"menu_order":0,"comment_status":"closed","ping_status":"closed","template":"page-templates\/search.php","meta":{"footnotes":""},"class_list":["post-20540","page","type-page","status-publish","hentry"],"yoast_head":"<!-- This site is optimized with the Yoast SEO plugin v27.3 - https:\/\/yoast.com\/product\/yoast-seo-wordpress\/ -->\n<title>Suche | PTV Logistics Blog<\/title>\n<meta name=\"robots\" content=\"index, follow, max-snippet:-1, max-image-preview:large, max-video-preview:-1\" \/>\n<link rel=\"canonical\" href=\"https:\/\/blog.ptvlogistics.com\/en\/search\/\" \/>\n<meta property=\"og:locale\" content=\"de_DE\" \/>\n<meta property=\"og:type\" content=\"article\" \/>\n<meta property=\"og:title\" content=\"Suche | PTV Logistics Blog\" \/>\n<meta property=\"og:description\" content=\"[...]Weiterlesen\" \/>\n<meta property=\"og:url\" content=\"https:\/\/blog.ptvlogistics.com\/en\/search\/\" \/>\n<meta property=\"og:site_name\" content=\"PTV Logistics Blog\" \/>\n<meta name=\"twitter:card\" content=\"summary_large_image\" \/>\n<script type=\"application\/ld+json\" class=\"yoast-schema-graph\">{\"@context\":\"https:\\\/\\\/schema.org\",\"@graph\":[{\"@type\":\"WebPage\",\"@id\":\"https:\\\/\\\/blog.ptvlogistics.com\\\/en\\\/search\\\/\",\"url\":\"https:\\\/\\\/blog.ptvlogistics.com\\\/en\\\/search\\\/\",\"name\":\"Suche | PTV Logistics Blog\",\"isPartOf\":{\"@id\":\"https:\\\/\\\/blog.ptvlogistics.com\\\/en\\\/#website\"},\"datePublished\":\"2023-06-22T06:29:17+00:00\",\"breadcrumb\":{\"@id\":\"https:\\\/\\\/blog.ptvlogistics.com\\\/en\\\/search\\\/#breadcrumb\"},\"inLanguage\":\"de\",\"potentialAction\":[{\"@type\":\"ReadAction\",\"target\":[\"https:\\\/\\\/blog.ptvlogistics.com\\\/en\\\/search\\\/\"]}]},{\"@type\":\"BreadcrumbList\",\"@id\":\"https:\\\/\\\/blog.ptvlogistics.com\\\/en\\\/search\\\/#breadcrumb\",\"itemListElement\":[{\"@type\":\"ListItem\",\"position\":1,\"name\":\"Startseite\",\"item\":\"https:\\\/\\\/blog.ptvlogistics.com\\\/de\\\/\"},{\"@type\":\"ListItem\",\"position\":2,\"name\":\"Suche\"}]},{\"@type\":\"WebSite\",\"@id\":\"https:\\\/\\\/blog.ptvlogistics.com\\\/en\\\/#website\",\"url\":\"https:\\\/\\\/blog.ptvlogistics.com\\\/en\\\/\",\"name\":\"PTV Logistics Blog\",\"description\":\"Wir schreiben \u00fcber Technologien, die \u00fcber erstklassige Algorithmen und Daten verf\u00fcgen, um Einsparungen bei Logistikkosten und Emissionen zu erzielen.\",\"publisher\":{\"@id\":\"https:\\\/\\\/blog.ptvlogistics.com\\\/en\\\/#organization\"},\"potentialAction\":[{\"@type\":\"SearchAction\",\"target\":{\"@type\":\"EntryPoint\",\"urlTemplate\":\"https:\\\/\\\/blog.ptvlogistics.com\\\/en\\\/?s={search_term_string}\"},\"query-input\":{\"@type\":\"PropertyValueSpecification\",\"valueRequired\":true,\"valueName\":\"search_term_string\"}}],\"inLanguage\":\"de\"},{\"@type\":\"Organization\",\"@id\":\"https:\\\/\\\/blog.ptvlogistics.com\\\/en\\\/#organization\",\"name\":\"PTV Logistics\",\"url\":\"https:\\\/\\\/blog.ptvlogistics.com\\\/en\\\/\",\"logo\":{\"@type\":\"ImageObject\",\"inLanguage\":\"de\",\"@id\":\"https:\\\/\\\/blog.ptvlogistics.com\\\/en\\\/#\\\/schema\\\/logo\\\/image\\\/\",\"url\":\"https:\\\/\\\/blog.ptvlogistics.com\\\/wp-content\\\/uploads\\\/2023\\\/08\\\/PTV_Logistics_black_black.png\",\"contentUrl\":\"https:\\\/\\\/blog.ptvlogistics.com\\\/wp-content\\\/uploads\\\/2023\\\/08\\\/PTV_Logistics_black_black.png\",\"width\":1479,\"height\":266,\"caption\":\"PTV Logistics\"},\"image\":{\"@id\":\"https:\\\/\\\/blog.ptvlogistics.com\\\/en\\\/#\\\/schema\\\/logo\\\/image\\\/\"},\"sameAs\":[\"https:\\\/\\\/be.linkedin.com\\\/company\\\/ptvlogistics\",\"https:\\\/\\\/www.youtube.com\\\/@PTVGroupLogistics\"]}]}<\/script>\n<!-- \/ Yoast SEO plugin. -->","yoast_head_json":{"title":"Suche | PTV Logistics Blog","robots":{"index":"index","follow":"follow","max-snippet":"max-snippet:-1","max-image-preview":"max-image-preview:large","max-video-preview":"max-video-preview:-1"},"canonical":"https:\/\/blog.ptvlogistics.com\/en\/search\/","og_locale":"de_DE","og_type":"article","og_title":"Suche | PTV Logistics Blog","og_description":"[...]Weiterlesen","og_url":"https:\/\/blog.ptvlogistics.com\/en\/search\/","og_site_name":"PTV Logistics Blog","twitter_card":"summary_large_image","schema":{"@context":"https:\/\/schema.org","@graph":[{"@type":"WebPage","@id":"https:\/\/blog.ptvlogistics.com\/en\/search\/","url":"https:\/\/blog.ptvlogistics.com\/en\/search\/","name":"Suche | PTV Logistics Blog","isPartOf":{"@id":"https:\/\/blog.ptvlogistics.com\/en\/#website"},"datePublished":"2023-06-22T06:29:17+00:00","breadcrumb":{"@id":"https:\/\/blog.ptvlogistics.com\/en\/search\/#breadcrumb"},"inLanguage":"de","potentialAction":[{"@type":"ReadAction","target":["https:\/\/blog.ptvlogistics.com\/en\/search\/"]}]},{"@type":"BreadcrumbList","@id":"https:\/\/blog.ptvlogistics.com\/en\/search\/#breadcrumb","itemListElement":[{"@type":"ListItem","position":1,"name":"Startseite","item":"https:\/\/blog.ptvlogistics.com\/de\/"},{"@type":"ListItem","position":2,"name":"Suche"}]},{"@type":"WebSite","@id":"https:\/\/blog.ptvlogistics.com\/en\/#website","url":"https:\/\/blog.ptvlogistics.com\/en\/","name":"PTV Logistics Blog","description":"Wir schreiben \u00fcber Technologien, die \u00fcber erstklassige Algorithmen und Daten verf\u00fcgen, um Einsparungen bei Logistikkosten und Emissionen zu erzielen.","publisher":{"@id":"https:\/\/blog.ptvlogistics.com\/en\/#organization"},"potentialAction":[{"@type":"SearchAction","target":{"@type":"EntryPoint","urlTemplate":"https:\/\/blog.ptvlogistics.com\/en\/?s={search_term_string}"},"query-input":{"@type":"PropertyValueSpecification","valueRequired":true,"valueName":"search_term_string"}}],"inLanguage":"de"},{"@type":"Organization","@id":"https:\/\/blog.ptvlogistics.com\/en\/#organization","name":"PTV Logistics","url":"https:\/\/blog.ptvlogistics.com\/en\/","logo":{"@type":"ImageObject","inLanguage":"de","@id":"https:\/\/blog.ptvlogistics.com\/en\/#\/schema\/logo\/image\/","url":"https:\/\/blog.ptvlogistics.com\/wp-content\/uploads\/2023\/08\/PTV_Logistics_black_black.png","contentUrl":"https:\/\/blog.ptvlogistics.com\/wp-content\/uploads\/2023\/08\/PTV_Logistics_black_black.png","width":1479,"height":266,"caption":"PTV Logistics"},"image":{"@id":"https:\/\/blog.ptvlogistics.com\/en\/#\/schema\/logo\/image\/"},"sameAs":["https:\/\/be.linkedin.com\/company\/ptvlogistics","https:\/\/www.youtube.com\/@PTVGroupLogistics"]}]}},"_links":{"self":[{"href":"https:\/\/blog.ptvlogistics.com\/de\/wp-json\/wp\/v2\/pages\/20540","targetHints":{"allow":["GET"]}}],"collection":[{"href":"https:\/\/blog.ptvlogistics.com\/de\/wp-json\/wp\/v2\/pages"}],"about":[{"href":"https:\/\/blog.ptvlogistics.com\/de\/wp-json\/wp\/v2\/types\/page"}],"author":[{"embeddable":true,"href":"https:\/\/blog.ptvlogistics.com\/de\/wp-json\/wp\/v2\/users\/5"}],"replies":[{"embeddable":true,"href":"https:\/\/blog.ptvlogistics.com\/de\/wp-json\/wp\/v2\/comments?post=20540"}],"version-history":[{"count":0,"href":"https:\/\/blog.ptvlogistics.com\/de\/wp-json\/wp\/v2\/pages\/20540\/revisions"}],"wp:attachment":[{"href":"https:\/\/blog.ptvlogistics.com\/de\/wp-json\/wp\/v2\/media?parent=20540"}],"curies":[{"name":"wp","href":"https:\/\/api.w.org\/{rel}","templated":true}]}}