{"id":745,"date":"2019-04-25T16:20:30","date_gmt":"2019-04-25T14:20:30","guid":{"rendered":"https:\/\/blog.ptvgroup.com\/?page_id=745"},"modified":"2023-08-28T16:37:11","modified_gmt":"2023-08-28T14:37:11","slug":"impressum","status":"publish","type":"page","link":"https:\/\/blog.ptvlogistics.com\/de\/impressum\/","title":{"rendered":"Impressum"},"content":{"rendered":"<div class=\"wpb-content-wrapper\"><p>[vc_row][vc_column][vc_column_text]<\/p>\n<h1>Impressum<\/h1>\n<p>Angaben gem\u00e4\u00df \u00a7 5 Telemediengesetz (TMG):<\/p>\n<p><strong>PTV Logistics GmbH<\/strong><\/p>\n<p><strong>Anschrift:<\/strong><\/p>\n<p>Stumpfstra\u00dfe 1<\/p>\n<p>76131 Karlsruhe, Deutschland<\/p>\n<p><strong>Gesch\u00e4ftsf\u00fchrung:<\/strong><\/p>\n<p>Steven De Schrijver (Vors.)<\/p>\n<p>An De Wispelaere<\/p>\n<p>Dr. Marco Di Matteo<\/p>\n<p>Claudia Wenzel<\/p>\n<p><strong>Kontakt:<\/strong><\/p>\n<p>Telefon: +49 (0) 721-9651-0<\/p>\n<p>Telefax: +49 (0) 721-9651-699<\/p>\n<p>E-Mail: info(at)ptvlogistics.com<\/p>\n<p><strong>Eintragung im Handelsregister:<\/strong><\/p>\n<p>Amtsgericht Mannheim HRB 745512<\/p>\n<p><strong>Umsatzsteuer-ID:<\/strong><\/p>\n<p>Umsatzsteuer-Identifikationsnummer gem\u00e4\u00df \u00a7 27a Umsatzsteuergesetz (UStG): DE 357 052 632[\/vc_column_text][\/vc_column][\/vc_row]<\/p>\n<\/div>","protected":false},"excerpt":{"rendered":"<p class=\"card-text\"> Impressum Angaben gem\u00e4\u00df \u00a7 5 Telemediengesetz (TMG): PTV Logistics GmbH Anschrift: Stumpfstra\u00dfe 1 76131 Karlsruhe, Deutschland Gesch\u00e4ftsf\u00fchrung: Steven De Schrijver (Vors.) An De Wispelaere Dr. Marco Di Matteo Claudia Wenzel Kontakt: Telefon: +49 (0) 721-9651-0 Telefax: +49 (0) 721-9651-699 E-Mail: info(at)ptvlogistics.com Eintragung im Handelsregister: Amtsgericht Mannheim HRB 745512 Umsatzsteuer-ID: Umsatzsteuer-Identifikationsnummer gem\u00e4\u00df \u00a7 27a Umsatzsteuergesetz [&#8230;]<\/p>\n<p class=\"m-0\"><a class=\"btn btn-outline-secondary btn-read-more\" href=\"https:\/\/blog.ptvlogistics.com\/de\/impressum\/\">Weiterlesen<\/a><\/p>\n","protected":false},"author":5,"featured_media":0,"parent":0,"menu_order":0,"comment_status":"closed","ping_status":"closed","template":"","meta":{"footnotes":""},"class_list":["post-745","page","type-page","status-publish","hentry"],"yoast_head":"<!-- This site is optimized with the Yoast SEO plugin v27.4 - https:\/\/yoast.com\/product\/yoast-seo-wordpress\/ -->\n<title>Impressum | PTV Logistics Blog<\/title>\n<meta name=\"robots\" content=\"noindex, follow\" \/>\n<meta property=\"og:locale\" content=\"de_DE\" \/>\n<meta property=\"og:type\" content=\"article\" \/>\n<meta property=\"og:title\" content=\"Impressum | PTV Logistics Blog\" \/>\n<meta property=\"og:description\" content=\"Impressum Angaben gem\u00e4\u00df \u00a7 5 Telemediengesetz (TMG): PTV Logistics GmbH Anschrift: Stumpfstra\u00dfe 1 76131 Karlsruhe, Deutschland Gesch\u00e4ftsf\u00fchrung: Steven De Schrijver (Vors.) An De Wispelaere Dr. Marco Di Matteo Claudia Wenzel Kontakt: Telefon: +49 (0) 721-9651-0 Telefax: +49 (0) 721-9651-699 E-Mail: info(at)ptvlogistics.com Eintragung im Handelsregister: Amtsgericht Mannheim HRB 745512 Umsatzsteuer-ID: Umsatzsteuer-Identifikationsnummer gem\u00e4\u00df \u00a7 27a Umsatzsteuergesetz [...]Weiterlesen\" \/>\n<meta property=\"og:url\" content=\"https:\/\/blog.ptvlogistics.com\/de\/impressum\/\" \/>\n<meta property=\"og:site_name\" content=\"PTV Logistics Blog\" \/>\n<meta property=\"article:modified_time\" content=\"2023-08-28T14:37:11+00:00\" \/>\n<meta name=\"twitter:card\" content=\"summary_large_image\" \/>\n<meta name=\"twitter:label1\" content=\"Gesch\u00e4tzte Lesezeit\" \/>\n\t<meta name=\"twitter:data1\" content=\"2\u00a0Minuten\" \/>\n<script type=\"application\/ld+json\" class=\"yoast-schema-graph\">{\"@context\":\"https:\\\/\\\/schema.org\",\"@graph\":[{\"@type\":\"WebPage\",\"@id\":\"https:\\\/\\\/blog.ptvlogistics.com\\\/de\\\/impressum\\\/\",\"url\":\"https:\\\/\\\/blog.ptvlogistics.com\\\/de\\\/impressum\\\/\",\"name\":\"Impressum | PTV Logistics Blog\",\"isPartOf\":{\"@id\":\"https:\\\/\\\/blog.ptvlogistics.com\\\/en\\\/#website\"},\"datePublished\":\"2019-04-25T14:20:30+00:00\",\"dateModified\":\"2023-08-28T14:37:11+00:00\",\"breadcrumb\":{\"@id\":\"https:\\\/\\\/blog.ptvlogistics.com\\\/de\\\/impressum\\\/#breadcrumb\"},\"inLanguage\":\"de\",\"potentialAction\":[{\"@type\":\"ReadAction\",\"target\":[\"https:\\\/\\\/blog.ptvlogistics.com\\\/de\\\/impressum\\\/\"]}]},{\"@type\":\"BreadcrumbList\",\"@id\":\"https:\\\/\\\/blog.ptvlogistics.com\\\/de\\\/impressum\\\/#breadcrumb\",\"itemListElement\":[{\"@type\":\"ListItem\",\"position\":1,\"name\":\"Startseite\",\"item\":\"https:\\\/\\\/blog.ptvlogistics.com\\\/de\\\/\"},{\"@type\":\"ListItem\",\"position\":2,\"name\":\"Impressum\"}]},{\"@type\":\"WebSite\",\"@id\":\"https:\\\/\\\/blog.ptvlogistics.com\\\/en\\\/#website\",\"url\":\"https:\\\/\\\/blog.ptvlogistics.com\\\/en\\\/\",\"name\":\"PTV Logistics Blog\",\"description\":\"Wir schreiben \u00fcber Technologien, die \u00fcber erstklassige Algorithmen und Daten verf\u00fcgen, um Einsparungen bei Logistikkosten und Emissionen zu erzielen.\",\"publisher\":{\"@id\":\"https:\\\/\\\/blog.ptvlogistics.com\\\/en\\\/#organization\"},\"potentialAction\":[{\"@type\":\"SearchAction\",\"target\":{\"@type\":\"EntryPoint\",\"urlTemplate\":\"https:\\\/\\\/blog.ptvlogistics.com\\\/en\\\/?s={search_term_string}\"},\"query-input\":{\"@type\":\"PropertyValueSpecification\",\"valueRequired\":true,\"valueName\":\"search_term_string\"}}],\"inLanguage\":\"de\"},{\"@type\":\"Organization\",\"@id\":\"https:\\\/\\\/blog.ptvlogistics.com\\\/en\\\/#organization\",\"name\":\"PTV Logistics\",\"url\":\"https:\\\/\\\/blog.ptvlogistics.com\\\/en\\\/\",\"logo\":{\"@type\":\"ImageObject\",\"inLanguage\":\"de\",\"@id\":\"https:\\\/\\\/blog.ptvlogistics.com\\\/en\\\/#\\\/schema\\\/logo\\\/image\\\/\",\"url\":\"https:\\\/\\\/blog.ptvlogistics.com\\\/wp-content\\\/uploads\\\/2023\\\/08\\\/PTV_Logistics_black_black.png\",\"contentUrl\":\"https:\\\/\\\/blog.ptvlogistics.com\\\/wp-content\\\/uploads\\\/2023\\\/08\\\/PTV_Logistics_black_black.png\",\"width\":1479,\"height\":266,\"caption\":\"PTV Logistics\"},\"image\":{\"@id\":\"https:\\\/\\\/blog.ptvlogistics.com\\\/en\\\/#\\\/schema\\\/logo\\\/image\\\/\"},\"sameAs\":[\"https:\\\/\\\/be.linkedin.com\\\/company\\\/ptvlogistics\",\"https:\\\/\\\/www.youtube.com\\\/@PTVGroupLogistics\"]}]}<\/script>\n<!-- \/ Yoast SEO plugin. -->","yoast_head_json":{"title":"Impressum | PTV Logistics Blog","robots":{"index":"noindex","follow":"follow"},"og_locale":"de_DE","og_type":"article","og_title":"Impressum | PTV Logistics Blog","og_description":"Impressum Angaben gem\u00e4\u00df \u00a7 5 Telemediengesetz (TMG): PTV Logistics GmbH Anschrift: Stumpfstra\u00dfe 1 76131 Karlsruhe, Deutschland Gesch\u00e4ftsf\u00fchrung: Steven De Schrijver (Vors.) An De Wispelaere Dr. Marco Di Matteo Claudia Wenzel Kontakt: Telefon: +49 (0) 721-9651-0 Telefax: +49 (0) 721-9651-699 E-Mail: info(at)ptvlogistics.com Eintragung im Handelsregister: Amtsgericht Mannheim HRB 745512 Umsatzsteuer-ID: Umsatzsteuer-Identifikationsnummer gem\u00e4\u00df \u00a7 27a Umsatzsteuergesetz [...]Weiterlesen","og_url":"https:\/\/blog.ptvlogistics.com\/de\/impressum\/","og_site_name":"PTV Logistics Blog","article_modified_time":"2023-08-28T14:37:11+00:00","twitter_card":"summary_large_image","twitter_misc":{"Gesch\u00e4tzte Lesezeit":"2\u00a0Minuten"},"schema":{"@context":"https:\/\/schema.org","@graph":[{"@type":"WebPage","@id":"https:\/\/blog.ptvlogistics.com\/de\/impressum\/","url":"https:\/\/blog.ptvlogistics.com\/de\/impressum\/","name":"Impressum | PTV Logistics Blog","isPartOf":{"@id":"https:\/\/blog.ptvlogistics.com\/en\/#website"},"datePublished":"2019-04-25T14:20:30+00:00","dateModified":"2023-08-28T14:37:11+00:00","breadcrumb":{"@id":"https:\/\/blog.ptvlogistics.com\/de\/impressum\/#breadcrumb"},"inLanguage":"de","potentialAction":[{"@type":"ReadAction","target":["https:\/\/blog.ptvlogistics.com\/de\/impressum\/"]}]},{"@type":"BreadcrumbList","@id":"https:\/\/blog.ptvlogistics.com\/de\/impressum\/#breadcrumb","itemListElement":[{"@type":"ListItem","position":1,"name":"Startseite","item":"https:\/\/blog.ptvlogistics.com\/de\/"},{"@type":"ListItem","position":2,"name":"Impressum"}]},{"@type":"WebSite","@id":"https:\/\/blog.ptvlogistics.com\/en\/#website","url":"https:\/\/blog.ptvlogistics.com\/en\/","name":"PTV Logistics Blog","description":"Wir schreiben \u00fcber Technologien, die \u00fcber erstklassige Algorithmen und Daten verf\u00fcgen, um Einsparungen bei Logistikkosten und Emissionen zu erzielen.","publisher":{"@id":"https:\/\/blog.ptvlogistics.com\/en\/#organization"},"potentialAction":[{"@type":"SearchAction","target":{"@type":"EntryPoint","urlTemplate":"https:\/\/blog.ptvlogistics.com\/en\/?s={search_term_string}"},"query-input":{"@type":"PropertyValueSpecification","valueRequired":true,"valueName":"search_term_string"}}],"inLanguage":"de"},{"@type":"Organization","@id":"https:\/\/blog.ptvlogistics.com\/en\/#organization","name":"PTV Logistics","url":"https:\/\/blog.ptvlogistics.com\/en\/","logo":{"@type":"ImageObject","inLanguage":"de","@id":"https:\/\/blog.ptvlogistics.com\/en\/#\/schema\/logo\/image\/","url":"https:\/\/blog.ptvlogistics.com\/wp-content\/uploads\/2023\/08\/PTV_Logistics_black_black.png","contentUrl":"https:\/\/blog.ptvlogistics.com\/wp-content\/uploads\/2023\/08\/PTV_Logistics_black_black.png","width":1479,"height":266,"caption":"PTV Logistics"},"image":{"@id":"https:\/\/blog.ptvlogistics.com\/en\/#\/schema\/logo\/image\/"},"sameAs":["https:\/\/be.linkedin.com\/company\/ptvlogistics","https:\/\/www.youtube.com\/@PTVGroupLogistics"]}]}},"_links":{"self":[{"href":"https:\/\/blog.ptvlogistics.com\/de\/wp-json\/wp\/v2\/pages\/745","targetHints":{"allow":["GET"]}}],"collection":[{"href":"https:\/\/blog.ptvlogistics.com\/de\/wp-json\/wp\/v2\/pages"}],"about":[{"href":"https:\/\/blog.ptvlogistics.com\/de\/wp-json\/wp\/v2\/types\/page"}],"author":[{"embeddable":true,"href":"https:\/\/blog.ptvlogistics.com\/de\/wp-json\/wp\/v2\/users\/5"}],"replies":[{"embeddable":true,"href":"https:\/\/blog.ptvlogistics.com\/de\/wp-json\/wp\/v2\/comments?post=745"}],"version-history":[{"count":15,"href":"https:\/\/blog.ptvlogistics.com\/de\/wp-json\/wp\/v2\/pages\/745\/revisions"}],"predecessor-version":[{"id":21706,"href":"https:\/\/blog.ptvlogistics.com\/de\/wp-json\/wp\/v2\/pages\/745\/revisions\/21706"}],"wp:attachment":[{"href":"https:\/\/blog.ptvlogistics.com\/de\/wp-json\/wp\/v2\/media?parent=745"}],"curies":[{"name":"wp","href":"https:\/\/api.w.org\/{rel}","templated":true}]}}