{"id":755,"date":"2019-04-25T16:35:05","date_gmt":"2019-04-25T14:35:05","guid":{"rendered":"https:\/\/blog.ptvgroup.com\/?page_id=755"},"modified":"2021-09-08T09:20:57","modified_gmt":"2021-09-08T07:20:57","slug":"datenschutz","status":"publish","type":"page","link":"https:\/\/blog.ptvlogistics.com\/de\/datenschutz\/","title":{"rendered":"Datenschutz"},"content":{"rendered":"\r\n<h1 class=\"wp-block-heading\">PTV Blog Datenschutz<\/h1>\r\n<p>Ihre Privatsph\u00e4re ist uns wichtig! Die PTV Group ist transparent im Hinblick auf die personenbezogenen Daten, die auf dieser Website erhoben werden und zu welchem Zweck sie verwendet werden. Lesen Sie in der folgenden Datenschutzerkl\u00e4rung, wie wir Cookies verwenden, \u00fcber Ihre Datenschutzrechte und unsere Datenschutzpraktiken.<\/p>\r\n<h2>Datenschutzerkl\u00e4rung der PTV Group<\/h2>\r\n<p><span style=\"color: #ff0000;\"><a style=\"color: #ff0000;\" href=\"https:\/\/www.ptvgroup.com\/de\/agb-datenschutz\/ptv-group-datenschutzerklaerung\/\">https:\/\/www.ptvgroup.com\/de\/agb-datenschutz\/ptv-group-datenschutzerklaerung\/\u00a0<\/a><\/span><\/p>\r\n","protected":false},"excerpt":{"rendered":"<p class=\"card-text\">PTV Blog Datenschutz Ihre Privatsph\u00e4re ist uns wichtig! Die PTV Group ist transparent im Hinblick auf die personenbezogenen Daten, die auf dieser Website erhoben werden und zu welchem Zweck sie verwendet werden. Lesen Sie in der folgenden Datenschutzerkl\u00e4rung, wie wir Cookies verwenden, \u00fcber Ihre Datenschutzrechte und unsere Datenschutzpraktiken. Datenschutzerkl\u00e4rung der PTV Group https:\/\/www.ptvgroup.com\/de\/agb-datenschutz\/ptv-group-datenschutzerklaerung\/\u00a0 [&#8230;]<\/p>\n<p class=\"m-0\"><a class=\"btn btn-outline-secondary btn-read-more\" href=\"https:\/\/blog.ptvlogistics.com\/de\/datenschutz\/\">Weiterlesen<\/a><\/p>\n","protected":false},"author":2,"featured_media":0,"parent":0,"menu_order":0,"comment_status":"closed","ping_status":"closed","template":"","meta":{"footnotes":""},"class_list":["post-755","page","type-page","status-publish","hentry"],"yoast_head":"<!-- This site is optimized with the Yoast SEO plugin v27.3 - https:\/\/yoast.com\/product\/yoast-seo-wordpress\/ -->\n<title>Datenschutz | PTV Logistics Blog<\/title>\n<meta name=\"description\" content=\"Ihre Privatsph\u00e4re ist uns wichtig. Diese Datenschutzerkl\u00e4rung soll Ihnen helfen zu verstehen, welche personenbezogenen Daten wir zu welchem Zweck erheben.\" \/>\n<meta name=\"robots\" content=\"noindex, follow\" \/>\n<meta property=\"og:locale\" content=\"de_DE\" \/>\n<meta property=\"og:type\" content=\"article\" \/>\n<meta property=\"og:title\" content=\"Datenschutz | PTV Logistics Blog\" \/>\n<meta property=\"og:description\" content=\"Ihre Privatsph\u00e4re ist uns wichtig. Diese Datenschutzerkl\u00e4rung soll Ihnen helfen zu verstehen, welche personenbezogenen Daten wir zu welchem Zweck erheben.\" \/>\n<meta property=\"og:url\" content=\"https:\/\/blog.ptvlogistics.com\/en\/privacy-policy\/\" \/>\n<meta property=\"og:site_name\" content=\"PTV Logistics Blog\" \/>\n<meta property=\"article:modified_time\" content=\"2021-09-08T07:20:57+00:00\" \/>\n<meta name=\"twitter:card\" content=\"summary_large_image\" \/>\n<script type=\"application\/ld+json\" class=\"yoast-schema-graph\">{\"@context\":\"https:\\\/\\\/schema.org\",\"@graph\":[{\"@type\":\"WebPage\",\"@id\":\"https:\\\/\\\/blog.ptvlogistics.com\\\/en\\\/privacy-policy\\\/\",\"url\":\"https:\\\/\\\/blog.ptvlogistics.com\\\/en\\\/privacy-policy\\\/\",\"name\":\"Datenschutz | PTV Logistics Blog\",\"isPartOf\":{\"@id\":\"https:\\\/\\\/blog.ptvlogistics.com\\\/en\\\/#website\"},\"datePublished\":\"2019-04-25T14:35:05+00:00\",\"dateModified\":\"2021-09-08T07:20:57+00:00\",\"description\":\"Ihre Privatsph\u00e4re ist uns wichtig. Diese Datenschutzerkl\u00e4rung soll Ihnen helfen zu verstehen, welche personenbezogenen Daten wir zu welchem Zweck erheben.\",\"breadcrumb\":{\"@id\":\"https:\\\/\\\/blog.ptvlogistics.com\\\/en\\\/privacy-policy\\\/#breadcrumb\"},\"inLanguage\":\"de\",\"potentialAction\":[{\"@type\":\"ReadAction\",\"target\":[\"https:\\\/\\\/blog.ptvlogistics.com\\\/en\\\/privacy-policy\\\/\"]}]},{\"@type\":\"BreadcrumbList\",\"@id\":\"https:\\\/\\\/blog.ptvlogistics.com\\\/en\\\/privacy-policy\\\/#breadcrumb\",\"itemListElement\":[{\"@type\":\"ListItem\",\"position\":1,\"name\":\"Startseite\",\"item\":\"https:\\\/\\\/blog.ptvlogistics.com\\\/de\\\/\"},{\"@type\":\"ListItem\",\"position\":2,\"name\":\"Datenschutz\"}]},{\"@type\":\"WebSite\",\"@id\":\"https:\\\/\\\/blog.ptvlogistics.com\\\/en\\\/#website\",\"url\":\"https:\\\/\\\/blog.ptvlogistics.com\\\/en\\\/\",\"name\":\"PTV Logistics Blog\",\"description\":\"Wir schreiben \u00fcber Technologien, die \u00fcber erstklassige Algorithmen und Daten verf\u00fcgen, um Einsparungen bei Logistikkosten und Emissionen zu erzielen.\",\"publisher\":{\"@id\":\"https:\\\/\\\/blog.ptvlogistics.com\\\/en\\\/#organization\"},\"potentialAction\":[{\"@type\":\"SearchAction\",\"target\":{\"@type\":\"EntryPoint\",\"urlTemplate\":\"https:\\\/\\\/blog.ptvlogistics.com\\\/en\\\/?s={search_term_string}\"},\"query-input\":{\"@type\":\"PropertyValueSpecification\",\"valueRequired\":true,\"valueName\":\"search_term_string\"}}],\"inLanguage\":\"de\"},{\"@type\":\"Organization\",\"@id\":\"https:\\\/\\\/blog.ptvlogistics.com\\\/en\\\/#organization\",\"name\":\"PTV Logistics\",\"url\":\"https:\\\/\\\/blog.ptvlogistics.com\\\/en\\\/\",\"logo\":{\"@type\":\"ImageObject\",\"inLanguage\":\"de\",\"@id\":\"https:\\\/\\\/blog.ptvlogistics.com\\\/en\\\/#\\\/schema\\\/logo\\\/image\\\/\",\"url\":\"https:\\\/\\\/blog.ptvlogistics.com\\\/wp-content\\\/uploads\\\/2023\\\/08\\\/PTV_Logistics_black_black.png\",\"contentUrl\":\"https:\\\/\\\/blog.ptvlogistics.com\\\/wp-content\\\/uploads\\\/2023\\\/08\\\/PTV_Logistics_black_black.png\",\"width\":1479,\"height\":266,\"caption\":\"PTV Logistics\"},\"image\":{\"@id\":\"https:\\\/\\\/blog.ptvlogistics.com\\\/en\\\/#\\\/schema\\\/logo\\\/image\\\/\"},\"sameAs\":[\"https:\\\/\\\/be.linkedin.com\\\/company\\\/ptvlogistics\",\"https:\\\/\\\/www.youtube.com\\\/@PTVGroupLogistics\"]}]}<\/script>\n<!-- \/ Yoast SEO plugin. -->","yoast_head_json":{"title":"Datenschutz | PTV Logistics Blog","description":"Ihre Privatsph\u00e4re ist uns wichtig. Diese Datenschutzerkl\u00e4rung soll Ihnen helfen zu verstehen, welche personenbezogenen Daten wir zu welchem Zweck erheben.","robots":{"index":"noindex","follow":"follow"},"og_locale":"de_DE","og_type":"article","og_title":"Datenschutz | PTV Logistics Blog","og_description":"Ihre Privatsph\u00e4re ist uns wichtig. Diese Datenschutzerkl\u00e4rung soll Ihnen helfen zu verstehen, welche personenbezogenen Daten wir zu welchem Zweck erheben.","og_url":"https:\/\/blog.ptvlogistics.com\/en\/privacy-policy\/","og_site_name":"PTV Logistics Blog","article_modified_time":"2021-09-08T07:20:57+00:00","twitter_card":"summary_large_image","schema":{"@context":"https:\/\/schema.org","@graph":[{"@type":"WebPage","@id":"https:\/\/blog.ptvlogistics.com\/en\/privacy-policy\/","url":"https:\/\/blog.ptvlogistics.com\/en\/privacy-policy\/","name":"Datenschutz | PTV Logistics Blog","isPartOf":{"@id":"https:\/\/blog.ptvlogistics.com\/en\/#website"},"datePublished":"2019-04-25T14:35:05+00:00","dateModified":"2021-09-08T07:20:57+00:00","description":"Ihre Privatsph\u00e4re ist uns wichtig. Diese Datenschutzerkl\u00e4rung soll Ihnen helfen zu verstehen, welche personenbezogenen Daten wir zu welchem Zweck erheben.","breadcrumb":{"@id":"https:\/\/blog.ptvlogistics.com\/en\/privacy-policy\/#breadcrumb"},"inLanguage":"de","potentialAction":[{"@type":"ReadAction","target":["https:\/\/blog.ptvlogistics.com\/en\/privacy-policy\/"]}]},{"@type":"BreadcrumbList","@id":"https:\/\/blog.ptvlogistics.com\/en\/privacy-policy\/#breadcrumb","itemListElement":[{"@type":"ListItem","position":1,"name":"Startseite","item":"https:\/\/blog.ptvlogistics.com\/de\/"},{"@type":"ListItem","position":2,"name":"Datenschutz"}]},{"@type":"WebSite","@id":"https:\/\/blog.ptvlogistics.com\/en\/#website","url":"https:\/\/blog.ptvlogistics.com\/en\/","name":"PTV Logistics Blog","description":"Wir schreiben \u00fcber Technologien, die \u00fcber erstklassige Algorithmen und Daten verf\u00fcgen, um Einsparungen bei Logistikkosten und Emissionen zu erzielen.","publisher":{"@id":"https:\/\/blog.ptvlogistics.com\/en\/#organization"},"potentialAction":[{"@type":"SearchAction","target":{"@type":"EntryPoint","urlTemplate":"https:\/\/blog.ptvlogistics.com\/en\/?s={search_term_string}"},"query-input":{"@type":"PropertyValueSpecification","valueRequired":true,"valueName":"search_term_string"}}],"inLanguage":"de"},{"@type":"Organization","@id":"https:\/\/blog.ptvlogistics.com\/en\/#organization","name":"PTV Logistics","url":"https:\/\/blog.ptvlogistics.com\/en\/","logo":{"@type":"ImageObject","inLanguage":"de","@id":"https:\/\/blog.ptvlogistics.com\/en\/#\/schema\/logo\/image\/","url":"https:\/\/blog.ptvlogistics.com\/wp-content\/uploads\/2023\/08\/PTV_Logistics_black_black.png","contentUrl":"https:\/\/blog.ptvlogistics.com\/wp-content\/uploads\/2023\/08\/PTV_Logistics_black_black.png","width":1479,"height":266,"caption":"PTV Logistics"},"image":{"@id":"https:\/\/blog.ptvlogistics.com\/en\/#\/schema\/logo\/image\/"},"sameAs":["https:\/\/be.linkedin.com\/company\/ptvlogistics","https:\/\/www.youtube.com\/@PTVGroupLogistics"]}]}},"_links":{"self":[{"href":"https:\/\/blog.ptvlogistics.com\/de\/wp-json\/wp\/v2\/pages\/755","targetHints":{"allow":["GET"]}}],"collection":[{"href":"https:\/\/blog.ptvlogistics.com\/de\/wp-json\/wp\/v2\/pages"}],"about":[{"href":"https:\/\/blog.ptvlogistics.com\/de\/wp-json\/wp\/v2\/types\/page"}],"author":[{"embeddable":true,"href":"https:\/\/blog.ptvlogistics.com\/de\/wp-json\/wp\/v2\/users\/2"}],"replies":[{"embeddable":true,"href":"https:\/\/blog.ptvlogistics.com\/de\/wp-json\/wp\/v2\/comments?post=755"}],"version-history":[{"count":11,"href":"https:\/\/blog.ptvlogistics.com\/de\/wp-json\/wp\/v2\/pages\/755\/revisions"}],"predecessor-version":[{"id":12910,"href":"https:\/\/blog.ptvlogistics.com\/de\/wp-json\/wp\/v2\/pages\/755\/revisions\/12910"}],"wp:attachment":[{"href":"https:\/\/blog.ptvlogistics.com\/de\/wp-json\/wp\/v2\/media?parent=755"}],"curies":[{"name":"wp","href":"https:\/\/api.w.org\/{rel}","templated":true}]}}