{"id":802,"date":"2019-05-07T11:46:00","date_gmt":"2019-05-07T09:46:00","guid":{"rendered":"https:\/\/blog.ptvgroup.com\/?page_id=802"},"modified":"2019-06-05T14:36:06","modified_gmt":"2019-06-05T12:36:06","slug":"danke","status":"publish","type":"page","link":"https:\/\/blog.ptvlogistics.com\/de\/danke\/","title":{"rendered":"Vielen Dank f\u00fcr die Kontaktaufnahme"},"content":{"rendered":"<div class=\"wpb-content-wrapper\"><p>[vc_row][vc_column width=&#8221;1\/6&#8243;][\/vc_column][vc_column width=&#8221;2\/3&#8243;][vc_custom_heading text=&#8221;Vielen Dank f\u00fcr Ihre Anfrage.&#8221; font_container=&#8221;tag:h1|text_align:center&#8221; use_theme_fonts=&#8221;yes&#8221; css=&#8221;.vc_custom_1557307976761{padding-bottom: -40px !important;}&#8221;][vc_custom_heading text=&#8221;Wir werden uns baldm\u00f6glist bei Ihnen melden.&#8221; font_container=&#8221;tag:h2|font_size:20px|text_align:center|color:%23888888&#8243; use_theme_fonts=&#8221;yes&#8221; css=&#8221;.vc_custom_1557307983690{margin-top: -24px !important;}&#8221;][\/vc_column][vc_column width=&#8221;1\/6&#8243;][\/vc_column][\/vc_row][vc_row][vc_column][vc_btn title=&#8221;Zur\u00fcck zur Homepage&#8221; style=&#8221;flat&#8221; shape=&#8221;square&#8221; color=&#8221;black&#8221; align=&#8221;center&#8221; link=&#8221;url:https%3A%2F%2Fblog.ptvgroup.com%2Fde%2F|title:PTV%20Blog%20Start%20Page||&#8221; css=&#8221;.vc_custom_1557308002555{padding-top: 20px !important;}&#8221;][vc_empty_space height=&#8221;200px&#8221;][\/vc_column][\/vc_row]<\/p>\n<\/div>","protected":false},"excerpt":{"rendered":"<p class=\"card-text\"> [&#8230;]<\/p>\n<p class=\"m-0\"><a class=\"btn btn-outline-secondary btn-read-more\" href=\"https:\/\/blog.ptvlogistics.com\/de\/danke\/\">Weiterlesen<\/a><\/p>\n","protected":false},"author":2,"featured_media":0,"parent":0,"menu_order":0,"comment_status":"closed","ping_status":"closed","template":"","meta":{"footnotes":""},"class_list":["post-802","page","type-page","status-publish","hentry"],"yoast_head":"<!-- This site is optimized with the Yoast SEO plugin v27.3 - https:\/\/yoast.com\/product\/yoast-seo-wordpress\/ -->\n<title>Vielen Dank f\u00fcr die Kontaktaufnahme | PTV Logistics Blog<\/title>\n<meta name=\"description\" content=\"Vielen Dank f\u00fcr Ihre Kontaktanfrage. Wir werden Ihnen so schnell wie m\u00f6glich antworten.\" \/>\n<meta name=\"robots\" content=\"noindex, follow\" \/>\n<meta property=\"og:locale\" content=\"de_DE\" \/>\n<meta property=\"og:type\" content=\"article\" \/>\n<meta property=\"og:title\" content=\"Vielen Dank f\u00fcr die Kontaktaufnahme | PTV Logistics Blog\" \/>\n<meta property=\"og:description\" content=\"Vielen Dank f\u00fcr Ihre Kontaktanfrage. Wir werden Ihnen so schnell wie m\u00f6glich antworten.\" \/>\n<meta property=\"og:url\" content=\"https:\/\/blog.ptvlogistics.com\/en\/contact\/thank-you\/\" \/>\n<meta property=\"og:site_name\" content=\"PTV Logistics Blog\" \/>\n<meta property=\"article:modified_time\" content=\"2019-06-05T12:36:06+00:00\" \/>\n<meta name=\"twitter:card\" content=\"summary_large_image\" \/>\n<meta name=\"twitter:label1\" content=\"Gesch\u00e4tzte Lesezeit\" \/>\n\t<meta name=\"twitter:data1\" content=\"1\u00a0Minute\" \/>\n<script type=\"application\/ld+json\" class=\"yoast-schema-graph\">{\"@context\":\"https:\\\/\\\/schema.org\",\"@graph\":[{\"@type\":\"WebPage\",\"@id\":\"https:\\\/\\\/blog.ptvlogistics.com\\\/en\\\/contact\\\/thank-you\\\/\",\"url\":\"https:\\\/\\\/blog.ptvlogistics.com\\\/en\\\/contact\\\/thank-you\\\/\",\"name\":\"Vielen Dank f\u00fcr die Kontaktaufnahme | PTV Logistics Blog\",\"isPartOf\":{\"@id\":\"https:\\\/\\\/blog.ptvlogistics.com\\\/en\\\/#website\"},\"datePublished\":\"2019-05-07T09:46:00+00:00\",\"dateModified\":\"2019-06-05T12:36:06+00:00\",\"description\":\"Vielen Dank f\u00fcr Ihre Kontaktanfrage. Wir werden Ihnen so schnell wie m\u00f6glich antworten.\",\"breadcrumb\":{\"@id\":\"https:\\\/\\\/blog.ptvlogistics.com\\\/en\\\/contact\\\/thank-you\\\/#breadcrumb\"},\"inLanguage\":\"de\",\"potentialAction\":[{\"@type\":\"ReadAction\",\"target\":[\"https:\\\/\\\/blog.ptvlogistics.com\\\/en\\\/contact\\\/thank-you\\\/\"]}]},{\"@type\":\"BreadcrumbList\",\"@id\":\"https:\\\/\\\/blog.ptvlogistics.com\\\/en\\\/contact\\\/thank-you\\\/#breadcrumb\",\"itemListElement\":[{\"@type\":\"ListItem\",\"position\":1,\"name\":\"Startseite\",\"item\":\"https:\\\/\\\/blog.ptvlogistics.com\\\/de\\\/\"},{\"@type\":\"ListItem\",\"position\":2,\"name\":\"Kontakt\",\"item\":\"https:\\\/\\\/blog.ptvlogistics.com\\\/en\\\/contact\\\/\"},{\"@type\":\"ListItem\",\"position\":3,\"name\":\"Vielen Dank f\u00fcr die Kontaktaufnahme\"}]},{\"@type\":\"WebSite\",\"@id\":\"https:\\\/\\\/blog.ptvlogistics.com\\\/en\\\/#website\",\"url\":\"https:\\\/\\\/blog.ptvlogistics.com\\\/en\\\/\",\"name\":\"PTV Logistics Blog\",\"description\":\"Wir schreiben \u00fcber Technologien, die \u00fcber erstklassige Algorithmen und Daten verf\u00fcgen, um Einsparungen bei Logistikkosten und Emissionen zu erzielen.\",\"publisher\":{\"@id\":\"https:\\\/\\\/blog.ptvlogistics.com\\\/en\\\/#organization\"},\"potentialAction\":[{\"@type\":\"SearchAction\",\"target\":{\"@type\":\"EntryPoint\",\"urlTemplate\":\"https:\\\/\\\/blog.ptvlogistics.com\\\/en\\\/?s={search_term_string}\"},\"query-input\":{\"@type\":\"PropertyValueSpecification\",\"valueRequired\":true,\"valueName\":\"search_term_string\"}}],\"inLanguage\":\"de\"},{\"@type\":\"Organization\",\"@id\":\"https:\\\/\\\/blog.ptvlogistics.com\\\/en\\\/#organization\",\"name\":\"PTV Logistics\",\"url\":\"https:\\\/\\\/blog.ptvlogistics.com\\\/en\\\/\",\"logo\":{\"@type\":\"ImageObject\",\"inLanguage\":\"de\",\"@id\":\"https:\\\/\\\/blog.ptvlogistics.com\\\/en\\\/#\\\/schema\\\/logo\\\/image\\\/\",\"url\":\"https:\\\/\\\/blog.ptvlogistics.com\\\/wp-content\\\/uploads\\\/2023\\\/08\\\/PTV_Logistics_black_black.png\",\"contentUrl\":\"https:\\\/\\\/blog.ptvlogistics.com\\\/wp-content\\\/uploads\\\/2023\\\/08\\\/PTV_Logistics_black_black.png\",\"width\":1479,\"height\":266,\"caption\":\"PTV Logistics\"},\"image\":{\"@id\":\"https:\\\/\\\/blog.ptvlogistics.com\\\/en\\\/#\\\/schema\\\/logo\\\/image\\\/\"},\"sameAs\":[\"https:\\\/\\\/be.linkedin.com\\\/company\\\/ptvlogistics\",\"https:\\\/\\\/www.youtube.com\\\/@PTVGroupLogistics\"]}]}<\/script>\n<!-- \/ Yoast SEO plugin. -->","yoast_head_json":{"title":"Vielen Dank f\u00fcr die Kontaktaufnahme | PTV Logistics Blog","description":"Vielen Dank f\u00fcr Ihre Kontaktanfrage. Wir werden Ihnen so schnell wie m\u00f6glich antworten.","robots":{"index":"noindex","follow":"follow"},"og_locale":"de_DE","og_type":"article","og_title":"Vielen Dank f\u00fcr die Kontaktaufnahme | PTV Logistics Blog","og_description":"Vielen Dank f\u00fcr Ihre Kontaktanfrage. Wir werden Ihnen so schnell wie m\u00f6glich antworten.","og_url":"https:\/\/blog.ptvlogistics.com\/en\/contact\/thank-you\/","og_site_name":"PTV Logistics Blog","article_modified_time":"2019-06-05T12:36:06+00:00","twitter_card":"summary_large_image","twitter_misc":{"Gesch\u00e4tzte Lesezeit":"1\u00a0Minute"},"schema":{"@context":"https:\/\/schema.org","@graph":[{"@type":"WebPage","@id":"https:\/\/blog.ptvlogistics.com\/en\/contact\/thank-you\/","url":"https:\/\/blog.ptvlogistics.com\/en\/contact\/thank-you\/","name":"Vielen Dank f\u00fcr die Kontaktaufnahme | PTV Logistics Blog","isPartOf":{"@id":"https:\/\/blog.ptvlogistics.com\/en\/#website"},"datePublished":"2019-05-07T09:46:00+00:00","dateModified":"2019-06-05T12:36:06+00:00","description":"Vielen Dank f\u00fcr Ihre Kontaktanfrage. Wir werden Ihnen so schnell wie m\u00f6glich antworten.","breadcrumb":{"@id":"https:\/\/blog.ptvlogistics.com\/en\/contact\/thank-you\/#breadcrumb"},"inLanguage":"de","potentialAction":[{"@type":"ReadAction","target":["https:\/\/blog.ptvlogistics.com\/en\/contact\/thank-you\/"]}]},{"@type":"BreadcrumbList","@id":"https:\/\/blog.ptvlogistics.com\/en\/contact\/thank-you\/#breadcrumb","itemListElement":[{"@type":"ListItem","position":1,"name":"Startseite","item":"https:\/\/blog.ptvlogistics.com\/de\/"},{"@type":"ListItem","position":2,"name":"Kontakt","item":"https:\/\/blog.ptvlogistics.com\/en\/contact\/"},{"@type":"ListItem","position":3,"name":"Vielen Dank f\u00fcr die Kontaktaufnahme"}]},{"@type":"WebSite","@id":"https:\/\/blog.ptvlogistics.com\/en\/#website","url":"https:\/\/blog.ptvlogistics.com\/en\/","name":"PTV Logistics Blog","description":"Wir schreiben \u00fcber Technologien, die \u00fcber erstklassige Algorithmen und Daten verf\u00fcgen, um Einsparungen bei Logistikkosten und Emissionen zu erzielen.","publisher":{"@id":"https:\/\/blog.ptvlogistics.com\/en\/#organization"},"potentialAction":[{"@type":"SearchAction","target":{"@type":"EntryPoint","urlTemplate":"https:\/\/blog.ptvlogistics.com\/en\/?s={search_term_string}"},"query-input":{"@type":"PropertyValueSpecification","valueRequired":true,"valueName":"search_term_string"}}],"inLanguage":"de"},{"@type":"Organization","@id":"https:\/\/blog.ptvlogistics.com\/en\/#organization","name":"PTV Logistics","url":"https:\/\/blog.ptvlogistics.com\/en\/","logo":{"@type":"ImageObject","inLanguage":"de","@id":"https:\/\/blog.ptvlogistics.com\/en\/#\/schema\/logo\/image\/","url":"https:\/\/blog.ptvlogistics.com\/wp-content\/uploads\/2023\/08\/PTV_Logistics_black_black.png","contentUrl":"https:\/\/blog.ptvlogistics.com\/wp-content\/uploads\/2023\/08\/PTV_Logistics_black_black.png","width":1479,"height":266,"caption":"PTV Logistics"},"image":{"@id":"https:\/\/blog.ptvlogistics.com\/en\/#\/schema\/logo\/image\/"},"sameAs":["https:\/\/be.linkedin.com\/company\/ptvlogistics","https:\/\/www.youtube.com\/@PTVGroupLogistics"]}]}},"_links":{"self":[{"href":"https:\/\/blog.ptvlogistics.com\/de\/wp-json\/wp\/v2\/pages\/802","targetHints":{"allow":["GET"]}}],"collection":[{"href":"https:\/\/blog.ptvlogistics.com\/de\/wp-json\/wp\/v2\/pages"}],"about":[{"href":"https:\/\/blog.ptvlogistics.com\/de\/wp-json\/wp\/v2\/types\/page"}],"author":[{"embeddable":true,"href":"https:\/\/blog.ptvlogistics.com\/de\/wp-json\/wp\/v2\/users\/2"}],"replies":[{"embeddable":true,"href":"https:\/\/blog.ptvlogistics.com\/de\/wp-json\/wp\/v2\/comments?post=802"}],"version-history":[{"count":8,"href":"https:\/\/blog.ptvlogistics.com\/de\/wp-json\/wp\/v2\/pages\/802\/revisions"}],"predecessor-version":[{"id":979,"href":"https:\/\/blog.ptvlogistics.com\/de\/wp-json\/wp\/v2\/pages\/802\/revisions\/979"}],"wp:attachment":[{"href":"https:\/\/blog.ptvlogistics.com\/de\/wp-json\/wp\/v2\/media?parent=802"}],"curies":[{"name":"wp","href":"https:\/\/api.w.org\/{rel}","templated":true}]}}