{"id":824,"date":"2019-04-26T15:16:01","date_gmt":"2019-04-26T13:16:01","guid":{"rendered":"https:\/\/blog.ptvgroup.com\/newsletter-signup\/"},"modified":"2020-06-18T08:41:31","modified_gmt":"2020-06-18T06:41:31","slug":"newsletter-anmeldung","status":"publish","type":"page","link":"https:\/\/blog.ptvlogistics.com\/de\/newsletter-anmeldung\/","title":{"rendered":"Newsletter-Anmeldung"},"content":{"rendered":"<div class=\"wpb-content-wrapper\"><p>[vc_row full_width=&#8221;stretch_row_content&#8221; full_height=&#8221;yes&#8221; parallax=&#8221;content-moving-fade&#8221; parallax_image=&#8221;813&#8243; bg_type=&#8221;image&#8221; parallax_style=&#8221;vcpb-vz-jquery&#8221; bg_image_new=&#8221;id^1233|url^https:\/\/blog.ptvgroup.com\/wp-content\/uploads\/2019\/09\/ptv-blog_newsletter-signup_background.png|caption^null|alt^null|title^ptv-blog_newsletter-signup_background|description^null&#8221; bg_image_size=&#8221;initial&#8221; css=&#8221;.vc_custom_1568894979609{margin-top: -20px !important;margin-bottom: -20px !important;}&#8221;][vc_column width=&#8221;1\/3&#8243;][\/vc_column][vc_column width=&#8221;1\/3&#8243;][vc_custom_heading text=&#8221;Abonnieren Sie unseren Newsletter&#8221; font_container=&#8221;tag:h1|font_size:42px|text_align:center|color:%230a0a0a&#8221; use_theme_fonts=&#8221;yes&#8221; el_class=&#8221;h1-future&#8221; css=&#8221;.vc_custom_1557237160839{margin-bottom: -10px !important;border-bottom-width: -10px !important;padding-bottom: -10px !important;}&#8221;][vc_custom_heading text=&#8221;Melden Sie sich f\u00fcr unseren Newsletter an und erhalten Sie regelm\u00e4\u00dfig interessante Artikel und News rund um die Mobilit\u00e4t von Menschen und G\u00fctern. Wir brauchen nur Ihre E-Mail-Adresse.&#8221; font_container=&#8221;tag:h2|font_size:16px|text_align:center|color:%23000000|line_height:20px&#8221; use_theme_fonts=&#8221;yes&#8221; el_class=&#8221;h2-signup&#8221; css=&#8221;.vc_custom_1592462500020{padding-bottom: 40px !important;}&#8221;][vc_raw_html]JTNDZm9ybSUyMGFjdGlvbiUzRCUyMmh0dHBzJTNBJTJGJTJGczEzOTgxNTU4MjQudC5lbG9xdWEuY29tJTJGZSUyRmYyJTIyJTIwbWV0aG9kJTNEJTIyZ2V0JTIyJTIwdGFyZ2V0JTNEJTIyX2JsYW5rJTIyJTIwaWQlM0QlMjJzaWdudXBmb3JtJTIyJTIwb25zdWJtaXQlM0QlMjJyZXR1cm4lMjBjaGVja0Zvcm0lMjglMjklM0IlMjIlM0UlMEElMDklM0NmaWVsZHNldCUzRSUwQSUwOSUwOSUzQ2lucHV0JTIwdHlwZSUzRCUyMmhpZGRlbiUyMiUyMG5hbWUlM0QlMjJlbHFGb3JtTmFtZSUyMiUyMHZhbHVlJTNEJTIyYmxvZy1uZXdzbGV0dGVyLXNpZ251cC1kZSUyMiUzRSUwQSUwOSUwOSUzQ2lucHV0JTIwdHlwZSUzRCUyMmhpZGRlbiUyMiUyMG5hbWUlM0QlMjJlbHFTaXRlSUQlMjIlMjB2YWx1ZSUzRCUyMjEzOTgxNTU4MjQlMjIlM0UlMEElMDklMDklM0NpbnB1dCUyMHR5cGUlM0QlMjJoaWRkZW4lMjIlMjBuYW1lJTNEJTIybGFuZ3VhZ2UlMjIlMjB2YWx1ZSUzRCUyMmRlJTIyJTNFJTBBJTA5JTA5JTNDaW5wdXQlMjB0eXBlJTNEJTIyZW1haWwlMjIlMjBuYW1lJTNEJTIyQWRyZXNzZSUyMiUyMHZhbHVlJTNEJTIyJTIyJTIwY2xhc3MlM0QlMjJzaWdudXAtZm9ybSUyMiUyMGFyaWEtcmVxdWlyZWQlM0QlMjJ0cnVlJTIyJTIwcGxhY2Vob2xkZXIlM0QlMjJFLU1haWwtQWRyZXNzZSUyMiUyMHJlcXVpcmVkJTNFJTBBJTA5JTA5JTNDaW5wdXQlMjB0eXBlJTNEJTIyc3VibWl0JTIyJTIwdmFsdWUlM0QlMjJBYm9ubmllcmVuJTIyJTIwY2xhc3MlM0QlMjJzaWdudXAtc3VibWl0JTIyJTNFJTBBJTA5JTA5JTNDZGl2JTIwY2xhc3MlM0QlMjJhY2NlcHQtcHJpdmFjeSUyMiUzRSUwQSUwOSUwOSUwOSUzQ2lucHV0JTIwdHlwZSUzRCUyMmNoZWNrYm94JTIyJTIwbmFtZSUzRCUyMnRlcm1zLWFuZC1jb25kaXRpb25zJTIyJTIwdmFsdWUlM0QlMjIxJTIyJTIwaWQlM0QlMjJwcml2YWN5JTIyJTIwY2xhc3MlM0QlMjJ0ZXJtcyUyMHJlcXVpcmVkJTIyJTIwcmVxdWlyZWQlM0UlMEElMDklMDklMDklM0NzcGFuJTNFSmElMkMlMjBpY2glMjBtJUMzJUI2Y2h0ZSUyMGRlbiUyMFBUViUyMEdyb3VwJTIwTmV3c2xldHRlciUyMGVyaGFsdGVuLiUyMFp1JTIwZGllc2VtJTIwWndlY2slMjBkYXJmJTIwUFRWJTIwR3JvdXAlMjBtZWluZSUyMEtvbnRha3RkYXRlbiUyQyUyMHdpZSUyMGluJTIwZGVyJTIwJTNDYSUyMGhyZWYlM0QlMjJodHRwcyUzQSUyRiUyRnd3dy5wdHZncm91cC5jb20lMkZlbiUyRnRlcm1zLXByaXZhY3klMkZwdHYtZ3JvdXAtZGF0YS1wcml2YWN5LXN0YXRlbWVudCUyRiUyMiUyMHRhcmdldCUzRCUyMl9ibGFuayUyMiUzRURhdGVuc2NodXR6ZXJrbCVDMyVBNHJ1bmclM0MlMkZhJTNFJTIwYmVzY2hyaWViZW4lMkMlMjBzcGVpY2hlcm4lMjB1bmQlMjB2ZXJ3ZW5kZW4uJTNDJTJGc3BhbiUzRSUwQSUwOSUwOSUzQyUyRmRpdiUzRSUwQSUwOSUzQyUyRmZpZWxkc2V0JTNFJTBBJTNDJTJGZm9ybSUzRQ==[\/vc_raw_html][vc_empty_space height=&#8221;400px&#8221;][\/vc_column][vc_column width=&#8221;1\/3&#8243;][\/vc_column][\/vc_row]<\/p>\n<\/div>","protected":false},"excerpt":{"rendered":"<p class=\"card-text\">\n<p class=\"m-0\"><a class=\"btn btn-outline-secondary btn-read-more\" href=\"https:\/\/blog.ptvlogistics.com\/de\/newsletter-anmeldung\/\">Weiterlesen<\/a><\/p>\n","protected":false},"author":2,"featured_media":0,"parent":0,"menu_order":0,"comment_status":"closed","ping_status":"closed","template":"","meta":{"footnotes":""},"class_list":["post-824","page","type-page","status-publish","hentry"],"yoast_head":"<!-- This site is optimized with the Yoast SEO plugin v27.3 - https:\/\/yoast.com\/product\/yoast-seo-wordpress\/ -->\n<title>Newsletter-Anmeldung | PTV Logistics Blog<\/title>\n<meta name=\"description\" content=\"Bewegen Sie mit uns die Welt. Unser Newsletter informiert Sie regelm\u00e4\u00dfig \u00fcber Neuigkeiten rund um den Personen- und Warenverkehr. Jetzt registrieren!\" \/>\n<meta name=\"robots\" content=\"index, follow, max-snippet:-1, max-image-preview:large, max-video-preview:-1\" \/>\n<link rel=\"canonical\" href=\"https:\/\/blog.ptvlogistics.com\/en\/newsletter-signup\/\" \/>\n<meta property=\"og:locale\" content=\"de_DE\" \/>\n<meta property=\"og:type\" content=\"article\" \/>\n<meta property=\"og:title\" content=\"Newsletter-Anmeldung | PTV Logistics Blog\" \/>\n<meta property=\"og:description\" content=\"Bewegen Sie mit uns die Welt. Unser Newsletter informiert Sie regelm\u00e4\u00dfig \u00fcber Neuigkeiten rund um den Personen- und Warenverkehr. Jetzt registrieren!\" \/>\n<meta property=\"og:url\" content=\"https:\/\/blog.ptvlogistics.com\/en\/newsletter-signup\/\" \/>\n<meta property=\"og:site_name\" content=\"PTV Logistics Blog\" \/>\n<meta property=\"article:modified_time\" content=\"2020-06-18T06:41:31+00:00\" \/>\n<meta name=\"twitter:card\" content=\"summary_large_image\" \/>\n<meta name=\"twitter:label1\" content=\"Gesch\u00e4tzte Lesezeit\" \/>\n\t<meta name=\"twitter:data1\" content=\"2\u00a0Minuten\" \/>\n<script type=\"application\/ld+json\" class=\"yoast-schema-graph\">{\"@context\":\"https:\\\/\\\/schema.org\",\"@graph\":[{\"@type\":\"WebPage\",\"@id\":\"https:\\\/\\\/blog.ptvlogistics.com\\\/en\\\/newsletter-signup\\\/\",\"url\":\"https:\\\/\\\/blog.ptvlogistics.com\\\/en\\\/newsletter-signup\\\/\",\"name\":\"Newsletter-Anmeldung | PTV Logistics Blog\",\"isPartOf\":{\"@id\":\"https:\\\/\\\/blog.ptvlogistics.com\\\/en\\\/#website\"},\"datePublished\":\"2019-04-26T13:16:01+00:00\",\"dateModified\":\"2020-06-18T06:41:31+00:00\",\"description\":\"Bewegen Sie mit uns die Welt. Unser Newsletter informiert Sie regelm\u00e4\u00dfig \u00fcber Neuigkeiten rund um den Personen- und Warenverkehr. Jetzt registrieren!\",\"breadcrumb\":{\"@id\":\"https:\\\/\\\/blog.ptvlogistics.com\\\/en\\\/newsletter-signup\\\/#breadcrumb\"},\"inLanguage\":\"de\",\"potentialAction\":[{\"@type\":\"ReadAction\",\"target\":[\"https:\\\/\\\/blog.ptvlogistics.com\\\/en\\\/newsletter-signup\\\/\"]}]},{\"@type\":\"BreadcrumbList\",\"@id\":\"https:\\\/\\\/blog.ptvlogistics.com\\\/en\\\/newsletter-signup\\\/#breadcrumb\",\"itemListElement\":[{\"@type\":\"ListItem\",\"position\":1,\"name\":\"Startseite\",\"item\":\"https:\\\/\\\/blog.ptvlogistics.com\\\/de\\\/\"},{\"@type\":\"ListItem\",\"position\":2,\"name\":\"Newsletter-Anmeldung\"}]},{\"@type\":\"WebSite\",\"@id\":\"https:\\\/\\\/blog.ptvlogistics.com\\\/en\\\/#website\",\"url\":\"https:\\\/\\\/blog.ptvlogistics.com\\\/en\\\/\",\"name\":\"PTV Logistics Blog\",\"description\":\"Wir schreiben \u00fcber Technologien, die \u00fcber erstklassige Algorithmen und Daten verf\u00fcgen, um Einsparungen bei Logistikkosten und Emissionen zu erzielen.\",\"publisher\":{\"@id\":\"https:\\\/\\\/blog.ptvlogistics.com\\\/en\\\/#organization\"},\"potentialAction\":[{\"@type\":\"SearchAction\",\"target\":{\"@type\":\"EntryPoint\",\"urlTemplate\":\"https:\\\/\\\/blog.ptvlogistics.com\\\/en\\\/?s={search_term_string}\"},\"query-input\":{\"@type\":\"PropertyValueSpecification\",\"valueRequired\":true,\"valueName\":\"search_term_string\"}}],\"inLanguage\":\"de\"},{\"@type\":\"Organization\",\"@id\":\"https:\\\/\\\/blog.ptvlogistics.com\\\/en\\\/#organization\",\"name\":\"PTV Logistics\",\"url\":\"https:\\\/\\\/blog.ptvlogistics.com\\\/en\\\/\",\"logo\":{\"@type\":\"ImageObject\",\"inLanguage\":\"de\",\"@id\":\"https:\\\/\\\/blog.ptvlogistics.com\\\/en\\\/#\\\/schema\\\/logo\\\/image\\\/\",\"url\":\"https:\\\/\\\/blog.ptvlogistics.com\\\/wp-content\\\/uploads\\\/2023\\\/08\\\/PTV_Logistics_black_black.png\",\"contentUrl\":\"https:\\\/\\\/blog.ptvlogistics.com\\\/wp-content\\\/uploads\\\/2023\\\/08\\\/PTV_Logistics_black_black.png\",\"width\":1479,\"height\":266,\"caption\":\"PTV Logistics\"},\"image\":{\"@id\":\"https:\\\/\\\/blog.ptvlogistics.com\\\/en\\\/#\\\/schema\\\/logo\\\/image\\\/\"},\"sameAs\":[\"https:\\\/\\\/be.linkedin.com\\\/company\\\/ptvlogistics\",\"https:\\\/\\\/www.youtube.com\\\/@PTVGroupLogistics\"]}]}<\/script>\n<!-- \/ Yoast SEO plugin. -->","yoast_head_json":{"title":"Newsletter-Anmeldung | PTV Logistics Blog","description":"Bewegen Sie mit uns die Welt. Unser Newsletter informiert Sie regelm\u00e4\u00dfig \u00fcber Neuigkeiten rund um den Personen- und Warenverkehr. Jetzt registrieren!","robots":{"index":"index","follow":"follow","max-snippet":"max-snippet:-1","max-image-preview":"max-image-preview:large","max-video-preview":"max-video-preview:-1"},"canonical":"https:\/\/blog.ptvlogistics.com\/en\/newsletter-signup\/","og_locale":"de_DE","og_type":"article","og_title":"Newsletter-Anmeldung | PTV Logistics Blog","og_description":"Bewegen Sie mit uns die Welt. Unser Newsletter informiert Sie regelm\u00e4\u00dfig \u00fcber Neuigkeiten rund um den Personen- und Warenverkehr. Jetzt registrieren!","og_url":"https:\/\/blog.ptvlogistics.com\/en\/newsletter-signup\/","og_site_name":"PTV Logistics Blog","article_modified_time":"2020-06-18T06:41:31+00:00","twitter_card":"summary_large_image","twitter_misc":{"Gesch\u00e4tzte Lesezeit":"2\u00a0Minuten"},"schema":{"@context":"https:\/\/schema.org","@graph":[{"@type":"WebPage","@id":"https:\/\/blog.ptvlogistics.com\/en\/newsletter-signup\/","url":"https:\/\/blog.ptvlogistics.com\/en\/newsletter-signup\/","name":"Newsletter-Anmeldung | PTV Logistics Blog","isPartOf":{"@id":"https:\/\/blog.ptvlogistics.com\/en\/#website"},"datePublished":"2019-04-26T13:16:01+00:00","dateModified":"2020-06-18T06:41:31+00:00","description":"Bewegen Sie mit uns die Welt. Unser Newsletter informiert Sie regelm\u00e4\u00dfig \u00fcber Neuigkeiten rund um den Personen- und Warenverkehr. Jetzt registrieren!","breadcrumb":{"@id":"https:\/\/blog.ptvlogistics.com\/en\/newsletter-signup\/#breadcrumb"},"inLanguage":"de","potentialAction":[{"@type":"ReadAction","target":["https:\/\/blog.ptvlogistics.com\/en\/newsletter-signup\/"]}]},{"@type":"BreadcrumbList","@id":"https:\/\/blog.ptvlogistics.com\/en\/newsletter-signup\/#breadcrumb","itemListElement":[{"@type":"ListItem","position":1,"name":"Startseite","item":"https:\/\/blog.ptvlogistics.com\/de\/"},{"@type":"ListItem","position":2,"name":"Newsletter-Anmeldung"}]},{"@type":"WebSite","@id":"https:\/\/blog.ptvlogistics.com\/en\/#website","url":"https:\/\/blog.ptvlogistics.com\/en\/","name":"PTV Logistics Blog","description":"Wir schreiben \u00fcber Technologien, die \u00fcber erstklassige Algorithmen und Daten verf\u00fcgen, um Einsparungen bei Logistikkosten und Emissionen zu erzielen.","publisher":{"@id":"https:\/\/blog.ptvlogistics.com\/en\/#organization"},"potentialAction":[{"@type":"SearchAction","target":{"@type":"EntryPoint","urlTemplate":"https:\/\/blog.ptvlogistics.com\/en\/?s={search_term_string}"},"query-input":{"@type":"PropertyValueSpecification","valueRequired":true,"valueName":"search_term_string"}}],"inLanguage":"de"},{"@type":"Organization","@id":"https:\/\/blog.ptvlogistics.com\/en\/#organization","name":"PTV Logistics","url":"https:\/\/blog.ptvlogistics.com\/en\/","logo":{"@type":"ImageObject","inLanguage":"de","@id":"https:\/\/blog.ptvlogistics.com\/en\/#\/schema\/logo\/image\/","url":"https:\/\/blog.ptvlogistics.com\/wp-content\/uploads\/2023\/08\/PTV_Logistics_black_black.png","contentUrl":"https:\/\/blog.ptvlogistics.com\/wp-content\/uploads\/2023\/08\/PTV_Logistics_black_black.png","width":1479,"height":266,"caption":"PTV Logistics"},"image":{"@id":"https:\/\/blog.ptvlogistics.com\/en\/#\/schema\/logo\/image\/"},"sameAs":["https:\/\/be.linkedin.com\/company\/ptvlogistics","https:\/\/www.youtube.com\/@PTVGroupLogistics"]}]}},"_links":{"self":[{"href":"https:\/\/blog.ptvlogistics.com\/de\/wp-json\/wp\/v2\/pages\/824","targetHints":{"allow":["GET"]}}],"collection":[{"href":"https:\/\/blog.ptvlogistics.com\/de\/wp-json\/wp\/v2\/pages"}],"about":[{"href":"https:\/\/blog.ptvlogistics.com\/de\/wp-json\/wp\/v2\/types\/page"}],"author":[{"embeddable":true,"href":"https:\/\/blog.ptvlogistics.com\/de\/wp-json\/wp\/v2\/users\/2"}],"replies":[{"embeddable":true,"href":"https:\/\/blog.ptvlogistics.com\/de\/wp-json\/wp\/v2\/comments?post=824"}],"version-history":[{"count":15,"href":"https:\/\/blog.ptvlogistics.com\/de\/wp-json\/wp\/v2\/pages\/824\/revisions"}],"predecessor-version":[{"id":6457,"href":"https:\/\/blog.ptvlogistics.com\/de\/wp-json\/wp\/v2\/pages\/824\/revisions\/6457"}],"wp:attachment":[{"href":"https:\/\/blog.ptvlogistics.com\/de\/wp-json\/wp\/v2\/media?parent=824"}],"curies":[{"name":"wp","href":"https:\/\/api.w.org\/{rel}","templated":true}]}}