{"id":2039,"date":"2019-11-18T11:22:48","date_gmt":"2019-11-18T10:22:48","guid":{"rendered":"https:\/\/blog.ptvgroup.com\/?page_id=2039"},"modified":"2021-09-08T09:21:20","modified_gmt":"2021-09-08T07:21:20","slug":"aviso-de-privacidad","status":"publish","type":"page","link":"https:\/\/blog.ptvlogistics.com\/es\/aviso-de-privacidad\/","title":{"rendered":"Aviso de Privacidad"},"content":{"rendered":"\r\n<h1 class=\"wp-block-heading\">PTV Blog Aviso de Privacidad<\/h1>\r\n<p>\u00a1Su Privacidad es importante para nosotros! PTV Group es transparente sobre qu\u00e9 datos personales se recopilan en este sitio web y con qu\u00e9 prop\u00f3sito se utilizan. Lea acerca de c\u00f3mo usamos las cookies, sus derechos de privacidad y nuestras pr\u00e1cticas de datos en la Declaraci\u00f3n de privacidad de datos a continuaci\u00f3n.<\/p>\r\n<h2>Aviso de Privacidad de PTV Group<\/h2>\r\n<p><a href=\"https:\/\/www.ptvgroup.com\/es\/terminos-y-privacidad\/aviso-de-privacidad\/\">https:\/\/www.ptvgroup.com\/es\/terminos-y-privacidad\/aviso-de-privacidad\/<\/a><\/p>\r\n","protected":false},"excerpt":{"rendered":"<p class=\"card-text\">PTV Blog Aviso de Privacidad \u00a1Su Privacidad es importante para nosotros! PTV Group es transparente sobre qu\u00e9 datos personales se recopilan en este sitio web y con qu\u00e9 prop\u00f3sito se utilizan. Lea acerca de c\u00f3mo usamos las cookies, sus derechos de privacidad y nuestras pr\u00e1cticas de datos en la Declaraci\u00f3n de privacidad de datos a [&#8230;]<\/p>\n<p class=\"m-0\"><a class=\"btn btn-outline-secondary btn-read-more\" href=\"https:\/\/blog.ptvlogistics.com\/es\/aviso-de-privacidad\/\">LEER M\u00c1S<\/a><\/p>\n","protected":false},"author":2,"featured_media":0,"parent":0,"menu_order":0,"comment_status":"closed","ping_status":"closed","template":"","meta":{"footnotes":""},"class_list":["post-2039","page","type-page","status-publish","hentry"],"yoast_head":"<!-- This site is optimized with the Yoast SEO plugin v27.3 - https:\/\/yoast.com\/product\/yoast-seo-wordpress\/ -->\n<title>Aviso de Privacidad | PTV Logistics Blog<\/title>\n<meta name=\"description\" content=\"Su privacidad es importante para nosotros. Esta Declaraci\u00f3n de privacidad de datos lo ayudar\u00e1 a comprender qu\u00e9 datos personales recopilamos y con qu\u00e9 prop\u00f3sito.\" \/>\n<meta name=\"robots\" content=\"noindex, follow\" \/>\n<meta property=\"og:locale\" content=\"es_ES\" \/>\n<meta property=\"og:type\" content=\"article\" \/>\n<meta property=\"og:title\" content=\"Aviso de Privacidad | PTV Logistics Blog\" \/>\n<meta property=\"og:description\" content=\"Su privacidad es importante para nosotros. Esta Declaraci\u00f3n de privacidad de datos lo ayudar\u00e1 a comprender qu\u00e9 datos personales recopilamos y con qu\u00e9 prop\u00f3sito.\" \/>\n<meta property=\"og:url\" content=\"https:\/\/blog.ptvlogistics.com\/en\/privacy-policy\/\" \/>\n<meta property=\"og:site_name\" content=\"PTV Logistics Blog\" \/>\n<meta property=\"article:modified_time\" content=\"2021-09-08T07:21:20+00:00\" \/>\n<meta name=\"twitter:card\" content=\"summary_large_image\" \/>\n<script type=\"application\/ld+json\" class=\"yoast-schema-graph\">{\"@context\":\"https:\\\/\\\/schema.org\",\"@graph\":[{\"@type\":\"WebPage\",\"@id\":\"https:\\\/\\\/blog.ptvlogistics.com\\\/en\\\/privacy-policy\\\/\",\"url\":\"https:\\\/\\\/blog.ptvlogistics.com\\\/en\\\/privacy-policy\\\/\",\"name\":\"Aviso de Privacidad | PTV Logistics Blog\",\"isPartOf\":{\"@id\":\"https:\\\/\\\/blog.ptvlogistics.com\\\/en\\\/#website\"},\"datePublished\":\"2019-11-18T10:22:48+00:00\",\"dateModified\":\"2021-09-08T07:21:20+00:00\",\"description\":\"Su privacidad es importante para nosotros. Esta Declaraci\u00f3n de privacidad de datos lo ayudar\u00e1 a comprender qu\u00e9 datos personales recopilamos y con qu\u00e9 prop\u00f3sito.\",\"breadcrumb\":{\"@id\":\"https:\\\/\\\/blog.ptvlogistics.com\\\/en\\\/privacy-policy\\\/#breadcrumb\"},\"inLanguage\":\"es\",\"potentialAction\":[{\"@type\":\"ReadAction\",\"target\":[\"https:\\\/\\\/blog.ptvlogistics.com\\\/en\\\/privacy-policy\\\/\"]}]},{\"@type\":\"BreadcrumbList\",\"@id\":\"https:\\\/\\\/blog.ptvlogistics.com\\\/en\\\/privacy-policy\\\/#breadcrumb\",\"itemListElement\":[{\"@type\":\"ListItem\",\"position\":1,\"name\":\"Startseite\",\"item\":\"https:\\\/\\\/blog.ptvlogistics.com\\\/es\\\/\"},{\"@type\":\"ListItem\",\"position\":2,\"name\":\"Aviso de Privacidad\"}]},{\"@type\":\"WebSite\",\"@id\":\"https:\\\/\\\/blog.ptvlogistics.com\\\/en\\\/#website\",\"url\":\"https:\\\/\\\/blog.ptvlogistics.com\\\/en\\\/\",\"name\":\"PTV Logistics Blog\",\"description\":\"Ofrecemos tecnolog\u00edas que cuentan con los mejores algoritmos y datos para lograr ahorros en costes log\u00edsticos y emisiones.\",\"publisher\":{\"@id\":\"https:\\\/\\\/blog.ptvlogistics.com\\\/en\\\/#organization\"},\"potentialAction\":[{\"@type\":\"SearchAction\",\"target\":{\"@type\":\"EntryPoint\",\"urlTemplate\":\"https:\\\/\\\/blog.ptvlogistics.com\\\/en\\\/?s={search_term_string}\"},\"query-input\":{\"@type\":\"PropertyValueSpecification\",\"valueRequired\":true,\"valueName\":\"search_term_string\"}}],\"inLanguage\":\"es\"},{\"@type\":\"Organization\",\"@id\":\"https:\\\/\\\/blog.ptvlogistics.com\\\/en\\\/#organization\",\"name\":\"PTV Logistics\",\"url\":\"https:\\\/\\\/blog.ptvlogistics.com\\\/en\\\/\",\"logo\":{\"@type\":\"ImageObject\",\"inLanguage\":\"es\",\"@id\":\"https:\\\/\\\/blog.ptvlogistics.com\\\/en\\\/#\\\/schema\\\/logo\\\/image\\\/\",\"url\":\"https:\\\/\\\/blog.ptvlogistics.com\\\/wp-content\\\/uploads\\\/2023\\\/08\\\/PTV_Logistics_black_black.png\",\"contentUrl\":\"https:\\\/\\\/blog.ptvlogistics.com\\\/wp-content\\\/uploads\\\/2023\\\/08\\\/PTV_Logistics_black_black.png\",\"width\":1479,\"height\":266,\"caption\":\"PTV Logistics\"},\"image\":{\"@id\":\"https:\\\/\\\/blog.ptvlogistics.com\\\/en\\\/#\\\/schema\\\/logo\\\/image\\\/\"},\"sameAs\":[\"https:\\\/\\\/be.linkedin.com\\\/company\\\/ptvlogistics\",\"https:\\\/\\\/www.youtube.com\\\/@PTVGroupLogistics\"]}]}<\/script>\n<!-- \/ Yoast SEO plugin. -->","yoast_head_json":{"title":"Aviso de Privacidad | PTV Logistics Blog","description":"Su privacidad es importante para nosotros. Esta Declaraci\u00f3n de privacidad de datos lo ayudar\u00e1 a comprender qu\u00e9 datos personales recopilamos y con qu\u00e9 prop\u00f3sito.","robots":{"index":"noindex","follow":"follow"},"og_locale":"es_ES","og_type":"article","og_title":"Aviso de Privacidad | PTV Logistics Blog","og_description":"Su privacidad es importante para nosotros. Esta Declaraci\u00f3n de privacidad de datos lo ayudar\u00e1 a comprender qu\u00e9 datos personales recopilamos y con qu\u00e9 prop\u00f3sito.","og_url":"https:\/\/blog.ptvlogistics.com\/en\/privacy-policy\/","og_site_name":"PTV Logistics Blog","article_modified_time":"2021-09-08T07:21:20+00:00","twitter_card":"summary_large_image","schema":{"@context":"https:\/\/schema.org","@graph":[{"@type":"WebPage","@id":"https:\/\/blog.ptvlogistics.com\/en\/privacy-policy\/","url":"https:\/\/blog.ptvlogistics.com\/en\/privacy-policy\/","name":"Aviso de Privacidad | PTV Logistics Blog","isPartOf":{"@id":"https:\/\/blog.ptvlogistics.com\/en\/#website"},"datePublished":"2019-11-18T10:22:48+00:00","dateModified":"2021-09-08T07:21:20+00:00","description":"Su privacidad es importante para nosotros. Esta Declaraci\u00f3n de privacidad de datos lo ayudar\u00e1 a comprender qu\u00e9 datos personales recopilamos y con qu\u00e9 prop\u00f3sito.","breadcrumb":{"@id":"https:\/\/blog.ptvlogistics.com\/en\/privacy-policy\/#breadcrumb"},"inLanguage":"es","potentialAction":[{"@type":"ReadAction","target":["https:\/\/blog.ptvlogistics.com\/en\/privacy-policy\/"]}]},{"@type":"BreadcrumbList","@id":"https:\/\/blog.ptvlogistics.com\/en\/privacy-policy\/#breadcrumb","itemListElement":[{"@type":"ListItem","position":1,"name":"Startseite","item":"https:\/\/blog.ptvlogistics.com\/es\/"},{"@type":"ListItem","position":2,"name":"Aviso de Privacidad"}]},{"@type":"WebSite","@id":"https:\/\/blog.ptvlogistics.com\/en\/#website","url":"https:\/\/blog.ptvlogistics.com\/en\/","name":"PTV Logistics Blog","description":"Ofrecemos tecnolog\u00edas que cuentan con los mejores algoritmos y datos para lograr ahorros en costes log\u00edsticos y emisiones.","publisher":{"@id":"https:\/\/blog.ptvlogistics.com\/en\/#organization"},"potentialAction":[{"@type":"SearchAction","target":{"@type":"EntryPoint","urlTemplate":"https:\/\/blog.ptvlogistics.com\/en\/?s={search_term_string}"},"query-input":{"@type":"PropertyValueSpecification","valueRequired":true,"valueName":"search_term_string"}}],"inLanguage":"es"},{"@type":"Organization","@id":"https:\/\/blog.ptvlogistics.com\/en\/#organization","name":"PTV Logistics","url":"https:\/\/blog.ptvlogistics.com\/en\/","logo":{"@type":"ImageObject","inLanguage":"es","@id":"https:\/\/blog.ptvlogistics.com\/en\/#\/schema\/logo\/image\/","url":"https:\/\/blog.ptvlogistics.com\/wp-content\/uploads\/2023\/08\/PTV_Logistics_black_black.png","contentUrl":"https:\/\/blog.ptvlogistics.com\/wp-content\/uploads\/2023\/08\/PTV_Logistics_black_black.png","width":1479,"height":266,"caption":"PTV Logistics"},"image":{"@id":"https:\/\/blog.ptvlogistics.com\/en\/#\/schema\/logo\/image\/"},"sameAs":["https:\/\/be.linkedin.com\/company\/ptvlogistics","https:\/\/www.youtube.com\/@PTVGroupLogistics"]}]}},"_links":{"self":[{"href":"https:\/\/blog.ptvlogistics.com\/es\/wp-json\/wp\/v2\/pages\/2039","targetHints":{"allow":["GET"]}}],"collection":[{"href":"https:\/\/blog.ptvlogistics.com\/es\/wp-json\/wp\/v2\/pages"}],"about":[{"href":"https:\/\/blog.ptvlogistics.com\/es\/wp-json\/wp\/v2\/types\/page"}],"author":[{"embeddable":true,"href":"https:\/\/blog.ptvlogistics.com\/es\/wp-json\/wp\/v2\/users\/2"}],"replies":[{"embeddable":true,"href":"https:\/\/blog.ptvlogistics.com\/es\/wp-json\/wp\/v2\/comments?post=2039"}],"version-history":[{"count":6,"href":"https:\/\/blog.ptvlogistics.com\/es\/wp-json\/wp\/v2\/pages\/2039\/revisions"}],"predecessor-version":[{"id":12912,"href":"https:\/\/blog.ptvlogistics.com\/es\/wp-json\/wp\/v2\/pages\/2039\/revisions\/12912"}],"wp:attachment":[{"href":"https:\/\/blog.ptvlogistics.com\/es\/wp-json\/wp\/v2\/media?parent=2039"}],"curies":[{"name":"wp","href":"https:\/\/api.w.org\/{rel}","templated":true}]}}