{"id":1110,"date":"2019-08-23T12:53:10","date_gmt":"2019-08-23T10:53:10","guid":{"rendered":"https:\/\/blog.ptvgroup.com\/?page_id=1110"},"modified":"2023-07-27T15:36:25","modified_gmt":"2023-07-27T13:36:25","slug":"contactez-nous","status":"publish","type":"page","link":"https:\/\/blog.ptvlogistics.com\/fr\/contactez-nous\/","title":{"rendered":"Contact"},"content":{"rendered":"<div class=\"wpb-content-wrapper\"><p>[vc_row][vc_column][vc_custom_heading text=&#8221;Comment pouvons-nous vous aider?&#8221; font_container=&#8221;tag:h1|font_size:42px|text_align:center&#8221; use_theme_fonts=&#8221;yes&#8221; el_class=&#8221;h1-help&#8221; css=&#8221;.vc_custom_1568900719796{padding-bottom: 24px !important;}&#8221;][vc_custom_heading text=&#8221;Vous avez une question ou vous souhaitez contribuer \u00e0 notre blog ?<br \/>\nIl vous suffit de remplir les champs du formulaire ci-dessous.<br \/>\nNous vous r\u00e9pondrons dans les plus brefs d\u00e9lais.&#8221; font_container=&#8221;tag:h2|font_size:16px|text_align:center|color:%230a0a0a|line_height:20px&#8221; use_theme_fonts=&#8221;yes&#8221; css=&#8221;.vc_custom_1568900731995{margin-top: -50px !important;}&#8221; el_class=&#8221;h2-sub&#8221;][\/vc_column][\/vc_row][vc_row][vc_column width=&#8221;1\/6&#8243;][\/vc_column][vc_column width=&#8221;2\/3&#8243;][vc_raw_html el_class=&#8221;iframe-contact&#8221;]JTNDc3R5bGUlMjB0eXBlJTNEJTIydGV4dCUyRmNzcyUyMiUyMHRpdGxlJTNEJTIydGV4dCUyRmNzcyUyMiUyMG1lZGlhJTNEJTIyc2NyZWVuJTIyJTNFJTBBJTIwJTIwJTIwJTQwaW1wb3J0JTIwdXJsJTI4aHR0cHMlM0ElMkYlMkZpbWFnZXMuZGlzY292ZXIucHR2Z3JvdXAuY29tJTJGV2ViJTJGUFRWJTJGJTdCMzI3YzNmNjQtNDgxYy00YmEzLTlkMGQtYzc0YmQzN2U1YjEwJTdEX0Vsb3F1YV8yMDIwLmNzcyUyOSUzQiUwQSUzQyUyRnN0eWxlJTNFJTBBJTBBJTBBJTBBJTBBJTNDc2NyaXB0JTNFJTBBJTBBZnVuY3Rpb24lMjBnZXRDb29raWVWYWx1ZSUyOGElMjklMjAlN0IlMEElMjB2YXIlMjBiJTIwJTNEJTIwZG9jdW1lbnQuY29va2llLm1hdGNoJTI4JTI3JTI4JTVFJTdDJTVCJTVFJTNCJTVEJTJCJTI5JTVDJTVDcyUyQSUyNyUyMCUyQiUyMGElMjAlMkIlMjAlMjclNUMlNUNzJTJBJTNEJTVDJTVDcyUyQSUyOCU1QiU1RSUzQiU1RCUyQiUyOSUyNyUyOSUzQiUwQSUyMHJldHVybiUyMGIlMjAlM0YlMjBiLnBvcCUyOCUyOSUyMCUzQSUyMCUyNyUyNyUzQiUwQSU3RCUwQSUyMCUyMCUyMCUyMCUyRiUyRnZhciUyMHV0bV9jYW1wYWlnbiUyMCUzRCUyMGdldFBhcmFtZXRlckJ5TmFtZSUyOCUyN3V0bV9jYW1wYWlnbiUyNyUyOSUzQiUyRiUyRiUwQSUyMCUyMCUyMCUyMHZhciUyMHV0bV9jYW1wYWlnbiUyMCUzRCUyMCUyN2Jsb2clMjclM0IlMjAlMjAlMjAlMjAlMEF2YXIlMjB1dG1fbWVkaXVtJTIwJTNEJTIwJTI3d2Vic2l0ZSUyNyUzQiUwQSUyMCUyMCUyMCUyMHZhciUyMHV0bV9zb3VyY2UlMjAlM0QlMjAlMjdibG9nJTI3JTNCJTBBJTIwJTIwJTIwJTIwdmFyJTIwdXRtX2NvbnRlbnQlMjAlM0QlMjAlMjdjb250YWN0U2l0ZSUyNyUzQiUwQSUwQSUyMCUyMCUyMCUyMHZhciUyMGNvb2tpZUNhbXBhaWduJTIwJTNEJTIwZ2V0Q29va2llVmFsdWUlMjglMjd1dG1fY2FtcGFpZ24lMjclMjklM0IlMEElMjAlMjAlMjAlMjBpZiUyOGNvb2tpZUNhbXBhaWduJTIwJTIxJTNEJTIwJTI3JTI3JTI5JTIwJTdCJTIwJTIwJTBBJTIwJTIwJTIwJTIwJTIwJTIwJTIwJTIwdXRtX2NhbXBhaWduJTIwJTNEJTIwY29va2llQ2FtcGFpZ24lM0IlMEElMjAlMjAlMjAlMjAlN0QlMjAlMEElMEElMjAlMjAlMjAlMjB2YXIlMjBjb29raWVDb250ZW50JTIwJTNEJTIwZ2V0Q29va2llVmFsdWUlMjglMjd1dG1fY29udGVudCUyNyUyOSUzQiUwQSUyMCUyMCUyMCUyMGlmJTI4Y29va2llQ29udGVudCUyMCUyMSUzRCUyMCUyNyUyNyUyOSUyMCU3QiUyMCUyMCUwQSUyMCUyMCUyMCUyMCUyMCUyMCUyMCUyMHV0bV9jb250ZW50JTIwJTNEJTIwY29va2llQ29udGVudCUzQiUwQSUyMCUyMCUyMCUyMCU3RCUyMCUyMCUwQSUwQSUyMCUyMCUyMCUyMHZhciUyMGNvb2tpZVNvdXJjZSUyMCUzRCUyMGdldENvb2tpZVZhbHVlJTI4JTI3dXRtX3NvdXJjZSUyNyUyOSUzQiUwQSUyMCUyMCUyMCUyMGlmJTI4Y29va2llU291cmNlJTIwJTIxJTNEJTIwJTI3JTI3JTI5JTIwJTdCJTIwJTIwJTBBJTIwJTIwJTIwJTIwJTIwJTIwJTIwJTIwdXRtX3NvdXJjZSUyMCUzRCUyMGNvb2tpZVNvdXJjZSUzQiUwQSUyMCUyMCUyMCUyMCU3RCUyMCUyMCUwQSUwQSUyMCUyMCUyMCUyMHZhciUyMGNvb2tpZU1lZGl1bSUyMCUzRCUyMGdldENvb2tpZVZhbHVlJTI4JTI3dXRtX21lZGl1bSUyNyUyOSUzQiUwQSUyMCUyMCUyMCUyMGlmJTI4Y29va2llTWVkaXVtJTIwJTIxJTNEJTIwJTI3JTI3JTI5JTIwJTdCJTIwJTIwJTBBJTIwJTIwJTIwJTIwJTIwJTIwJTIwJTIwdXRtX21lZGl1bSUyMCUzRCUyMGNvb2tpZU1lZGl1bSUzQiUwQSUyMCUyMCUyMCUyMCU3RCUyMCUyMCUwQSUyMCUwQSUwQSUyMCUyMCUyMCUyMHF1ZXJ5c3RyaW5nJTIwJTNEJTIwJTI3JTI3JTNCJTBBJTIwJTIwJTIwJTIwaWYlMjAlMjh1dG1fY2FtcGFpZ24lMjAlMjElM0QlMjBudWxsJTI5JTIwcXVlcnlzdHJpbmclMjAlMkIlM0QlMjAlMjd1dG1fY2FtcGFpZ24lM0QlMjclMjAlMkIlMjB1dG1fY2FtcGFpZ24lMjAlMkIlMjAlMjclMjYlMjclM0IlMEElMjAlMjAlMjAlMjBpZiUyMCUyOHV0bV9tZWRpdW0lMjAlMjElM0QlMjBudWxsJTI5JTIwcXVlcnlzdHJpbmclMjAlMkIlM0QlMjAlMjd1dG1fbWVkaXVtJTNEJTI3JTIwJTJCJTIwdXRtX21lZGl1bSUyMCUyQiUyMCUyNyUyNiUyNyUzQiUwQSUyMCUyMCUyMCUyMGlmJTIwJTI4dXRtX2NvbnRlbnQlMjAlMjElM0QlMjBudWxsJTI5JTIwcXVlcnlzdHJpbmclMjAlMkIlM0QlMjAlMjd1dG1fY29udGVudCUzRCUyNyUyMCUyQiUyMHV0bV9jb250ZW50JTIwJTJCJTIwJTI3JTI2JTI3JTNCJTBBJTIwJTIwJTIwJTIwaWYlMjAlMjh1dG1fc291cmNlJTIwJTIxJTNEJTIwbnVsbCUyOSUyMHF1ZXJ5c3RyaW5nJTIwJTJCJTNEJTIwJTI3dXRtX3NvdXJjZSUzRCUyNyUyMCUyQiUyMHV0bV9zb3VyY2UlMjAlMkIlMjAlMjclMjYlMjclM0IlMEElMjAlMjAlMjAlMjAlMkYlMkYlMjByZW1vdmUlMjBsYXN0JTIwJTI2JTBBJTIwJTIwJTIwJTIwcXVlcnlzdHJpbmclMjAlM0QlMjBxdWVyeXN0cmluZy5zdWJzdHJpbmclMjgwJTJDJTIwcXVlcnlzdHJpbmcubGVuZ3RoJTIwLSUyMDElMjklM0IlMEElMEElMDlpZiUyMCUyOHF1ZXJ5c3RyaW5nJTI5JTIwJTdCJTBBJTIwJTIwJTIwJTIwJTIwJTIwJTIwJTIwZG9jdW1lbnQud3JpdGUlMjglMjclM0NpZnJhbWUlMjBoZWlnaHQlM0QlMjI2NTAlMjIlMjB3aWR0aCUzRCUyMjEwMCUyNSUyMiUyMHN0eWxlJTNEJTIyYm9yZGVyJTNBJTIwbm9uZSUzQiUyMiUyMHNyYyUzRCUyMmh0dHBzJTNBJTJGJTJGZGlzY292ZXIucHR2Z3JvdXAuY29tJTJGTFAlM0QzMzMwJTNGJTI3JTIwJTJCJTIwcXVlcnlzdHJpbmclMjAlMkIlMjAlMjclMjIlM0UlM0MlMkZpZnJhbWUlM0UlMjclMjklM0IlMEElMjAlMjAlMjAlMjAlMjAlMjAlMjAlMjAlN0QlMjBlbHNlJTIwJTdCJTBBJTIwJTIwJTIwJTIwJTIwJTIwJTIwJTIwZG9jdW1lbnQud3JpdGUlMjglMjclM0NpZnJhbWUlMjBoZWlnaHQlM0QlMjI2NTAlMjIlMjB3aWR0aCUzRCUyMjEwMCUyNSUyMiUyMHN0eWxlJTNEJTIyYm9yZGVyJTNBJTIwbm9uZSUzQiUyMiUyMHNyYyUzRCUyMmh0dHBzJTNBJTJGJTJGZGlzY292ZXIucHR2Z3JvdXAuY29tJTJGTFAlM0QzMzMwJTIyJTNFJTNDJTJGaWZyYW1lJTNFJTI3JTI5JTNCJTBBJTA5JTdEJTBBJTIwJTIwJTIwJTIwJTNDJTJGc2NyaXB0JTNFJTBBJTBB[\/vc_raw_html][\/vc_column][vc_column width=&#8221;1\/6&#8243;][\/vc_column][\/vc_row][vc_row][vc_column][\/vc_column][\/vc_row]<\/p>\n<\/div>","protected":false},"excerpt":{"rendered":"<p class=\"card-text\">JTNDc3R5bGUlMjB0eXBlJTNEJTIydGV4dCUyRmNzcyUyMiUyMHRpdGxlJTNEJTIydGV4dCUyRmNzcyUyMiUyMG1lZGlhJTNEJTIyc2NyZWVuJTIyJTNFJTBBJTIwJTIwJTIwJTQwaW1wb3J0JTIwdXJsJTI4aHR0cHMlM0ElMkYlMkZpbWFnZXMuZGlzY292ZXIucHR2Z3JvdXAuY29tJTJGV2ViJTJGUFRWJTJGJTdCMzI3YzNmNjQtNDgxYy00YmEzLTlkMGQtYzc0YmQzN2U1YjEwJTdEX0Vsb3F1YV8yMDIwLmNzcyUyOSUzQiUwQSUzQyUyRnN0eWxlJTNFJTBBJTBBJTBBJTBBJTBBJTNDc2NyaXB0JTNFJTBBJTBBZnVuY3Rpb24lMjBnZXRDb29raWVWYWx1ZSUyOGElMjklMjAlN0IlMEElMjB2YXIlMjBiJTIwJTNEJTIwZG9jdW1lbnQuY29va2llLm1hdGNoJTI4JTI3JTI4JTVFJTdDJTVCJTVFJTNCJTVEJTJCJTI5JTVDJTVDcyUyQSUyNyUyMCUyQiUyMGElMjAlMkIlMjAlMjclNUMlNUNzJTJBJTNEJTVDJTVDcyUyQSUyOCU1QiU1RSUzQiU1RCUyQiUyOSUyNyUyOSUzQiUwQSUyMHJldHVybiUyMGIlMjAlM0YlMjBiLnBvcCUyOCUyOSUyMCUzQSUyMCUyNyUyNyUzQiUwQSU3RCUwQSUyMCUyMCUyMCUyMCUyRiUyRnZhciUyMHV0bV9jYW1wYWlnbiUyMCUzRCUyMGdldFBhcmFtZXRlckJ5TmFtZSUyOCUyN3V0bV9jYW1wYWlnbiUyNyUyOSUzQiUyRiUyRiUwQSUyMCUyMCUyMCUyMHZhciUyMHV0bV9jYW1wYWlnbiUyMCUzRCUyMCUyN2Jsb2clMjclM0IlMjAlMjAlMjAlMjAlMEF2YXIlMjB1dG1fbWVkaXVtJTIwJTNEJTIwJTI3d2Vic2l0ZSUyNyUzQiUwQSUyMCUyMCUyMCUyMHZhciUyMHV0bV9zb3VyY2UlMjAlM0QlMjAlMjdibG9nJTI3JTNCJTBBJTIwJTIwJTIwJTIwdmFyJTIwdXRtX2NvbnRlbnQlMjAlM0QlMjAlMjdjb250YWN0U2l0ZSUyNyUzQiUwQSUwQSUyMCUyMCUyMCUyMHZhciUyMGNvb2tpZUNhbXBhaWduJTIwJTNEJTIwZ2V0Q29va2llVmFsdWUlMjglMjd1dG1fY2FtcGFpZ24lMjclMjklM0IlMEElMjAlMjAlMjAlMjBpZiUyOGNvb2tpZUNhbXBhaWduJTIwJTIxJTNEJTIwJTI3JTI3JTI5JTIwJTdCJTIwJTIwJTBBJTIwJTIwJTIwJTIwJTIwJTIwJTIwJTIwdXRtX2NhbXBhaWduJTIwJTNEJTIwY29va2llQ2FtcGFpZ24lM0IlMEElMjAlMjAlMjAlMjAlN0QlMjAlMEElMEElMjAlMjAlMjAlMjB2YXIlMjBjb29raWVDb250ZW50JTIwJTNEJTIwZ2V0Q29va2llVmFsdWUlMjglMjd1dG1fY29udGVudCUyNyUyOSUzQiUwQSUyMCUyMCUyMCUyMGlmJTI4Y29va2llQ29udGVudCUyMCUyMSUzRCUyMCUyNyUyNyUyOSUyMCU3QiUyMCUyMCUwQSUyMCUyMCUyMCUyMCUyMCUyMCUyMCUyMHV0bV9jb250ZW50JTIwJTNEJTIwY29va2llQ29udGVudCUzQiUwQSUyMCUyMCUyMCUyMCU3RCUyMCUyMCUwQSUwQSUyMCUyMCUyMCUyMHZhciUyMGNvb2tpZVNvdXJjZSUyMCUzRCUyMGdldENvb2tpZVZhbHVlJTI4JTI3dXRtX3NvdXJjZSUyNyUyOSUzQiUwQSUyMCUyMCUyMCUyMGlmJTI4Y29va2llU291cmNlJTIwJTIxJTNEJTIwJTI3JTI3JTI5JTIwJTdCJTIwJTIwJTBBJTIwJTIwJTIwJTIwJTIwJTIwJTIwJTIwdXRtX3NvdXJjZSUyMCUzRCUyMGNvb2tpZVNvdXJjZSUzQiUwQSUyMCUyMCUyMCUyMCU3RCUyMCUyMCUwQSUwQSUyMCUyMCUyMCUyMHZhciUyMGNvb2tpZU1lZGl1bSUyMCUzRCUyMGdldENvb2tpZVZhbHVlJTI4JTI3dXRtX21lZGl1bSUyNyUyOSUzQiUwQSUyMCUyMCUyMCUyMGlmJTI4Y29va2llTWVkaXVtJTIwJTIxJTNEJTIwJTI3JTI3JTI5JTIwJTdCJTIwJTIwJTBBJTIwJTIwJTIwJTIwJTIwJTIwJTIwJTIwdXRtX21lZGl1bSUyMCUzRCUyMGNvb2tpZU1lZGl1bSUzQiUwQSUyMCUyMCUyMCUyMCU3RCUyMCUyMCUwQSUyMCUwQSUwQSUyMCUyMCUyMCUyMHF1ZXJ5c3RyaW5nJTIwJTNEJTIwJTI3JTI3JTNCJTBBJTIwJTIwJTIwJTIwaWYlMjAlMjh1dG1fY2FtcGFpZ24lMjAlMjElM0QlMjBudWxsJTI5JTIwcXVlcnlzdHJpbmclMjAlMkIlM0QlMjAlMjd1dG1fY2FtcGFpZ24lM0QlMjclMjAlMkIlMjB1dG1fY2FtcGFpZ24lMjAlMkIlMjAlMjclMjYlMjclM0IlMEElMjAlMjAlMjAlMjBpZiUyMCUyOHV0bV9tZWRpdW0lMjAlMjElM0QlMjBudWxsJTI5JTIwcXVlcnlzdHJpbmclMjAlMkIlM0QlMjAlMjd1dG1fbWVkaXVtJTNEJTI3JTIwJTJCJTIwdXRtX21lZGl1bSUyMCUyQiUyMCUyNyUyNiUyNyUzQiUwQSUyMCUyMCUyMCUyMGlmJTIwJTI4dXRtX2NvbnRlbnQlMjAlMjElM0QlMjBudWxsJTI5JTIwcXVlcnlzdHJpbmclMjAlMkIlM0QlMjAlMjd1dG1fY29udGVudCUzRCUyNyUyMCUyQiUyMHV0bV9jb250ZW50JTIwJTJCJTIwJTI3JTI2JTI3JTNCJTBBJTIwJTIwJTIwJTIwaWYlMjAlMjh1dG1fc291cmNlJTIwJTIxJTNEJTIwbnVsbCUyOSUyMHF1ZXJ5c3RyaW5nJTIwJTJCJTNEJTIwJTI3dXRtX3NvdXJjZSUzRCUyNyUyMCUyQiUyMHV0bV9zb3VyY2UlMjAlMkIlMjAlMjclMjYlMjclM0IlMEElMjAlMjAlMjAlMjAlMkYlMkYlMjByZW1vdmUlMjBsYXN0JTIwJTI2JTBBJTIwJTIwJTIwJTIwcXVlcnlzdHJpbmclMjAlM0QlMjBxdWVyeXN0cmluZy5zdWJzdHJpbmclMjgwJTJDJTIwcXVlcnlzdHJpbmcubGVuZ3RoJTIwLSUyMDElMjklM0IlMEElMEElMDlpZiUyMCUyOHF1ZXJ5c3RyaW5nJTI5JTIwJTdCJTBBJTIwJTIwJTIwJTIwJTIwJTIwJTIwJTIwZG9jdW1lbnQud3JpdGUlMjglMjclM0NpZnJhbWUlMjBoZWlnaHQlM0QlMjI2NTAlMjIlMjB3aWR0aCUzRCUyMjEwMCUyNSUyMiUyMHN0eWxlJTNEJTIyYm9yZGVyJTNBJTIwbm9uZSUzQiUyMiUyMHNyYyUzRCUyMmh0dHBzJTNBJTJGJTJGZGlzY292ZXIucHR2Z3JvdXAuY29tJTJGTFAlM0QzMzMwJTNGJTI3JTIwJTJCJTIwcXVlcnlzdHJpbmclMjAlMkIlMjAlMjclMjIlM0UlM0MlMkZpZnJhbWUlM0UlMjclMjklM0IlMEElMjAlMjAlMjAlMjAlMjAlMjAlMjAlMjAlN0QlMjBlbHNlJTIwJTdCJTBBJTIwJTIwJTIwJTIwJTIwJTIwJTIwJTIwZG9jdW1lbnQud3JpdGUlMjglMjclM0NpZnJhbWUlMjBoZWlnaHQlM0QlMjI2NTAlMjIlMjB3aWR0aCUzRCUyMjEwMCUyNSUyMiUyMHN0eWxlJTNEJTIyYm9yZGVyJTNBJTIwbm9uZSUzQiUyMiUyMHNyYyUzRCUyMmh0dHBzJTNBJTJGJTJGZGlzY292ZXIucHR2Z3JvdXAuY29tJTJGTFAlM0QzMzMwJTIyJTNFJTNDJTJGaWZyYW1lJTNFJTI3JTI5JTNCJTBBJTA5JTdEJTBBJTIwJTIwJTIwJTIwJTNDJTJGc2NyaXB0JTNFJTBBJTBB [&#8230;]<\/p>\n<p class=\"m-0\"><a class=\"btn btn-outline-secondary btn-read-more\" href=\"https:\/\/blog.ptvlogistics.com\/fr\/contactez-nous\/\">Lire plus<\/a><\/p>\n","protected":false},"author":2,"featured_media":0,"parent":0,"menu_order":0,"comment_status":"closed","ping_status":"closed","template":"","meta":{"footnotes":""},"class_list":["post-1110","page","type-page","status-publish","hentry"],"yoast_head":"<!-- This site is optimized with the Yoast SEO plugin v27.3 - https:\/\/yoast.com\/product\/yoast-seo-wordpress\/ -->\n<title>Contact | PTV Logistics Blog<\/title>\n<meta name=\"description\" content=\"Vous avez une question ou vous \u00eates int\u00e9ress\u00e9 pour contribuer \u00e0 notre blog ? Il vous suffit de remplir le formulaire de contact. Nous vous r\u00e9pondrons dans les plus brefs d\u00e9lais.\" \/>\n<meta name=\"robots\" content=\"index, follow, max-snippet:-1, max-image-preview:large, max-video-preview:-1\" \/>\n<link rel=\"canonical\" href=\"https:\/\/blog.ptvlogistics.com\/en\/contact\/\" \/>\n<meta property=\"og:locale\" content=\"fr_FR\" \/>\n<meta property=\"og:type\" content=\"article\" \/>\n<meta property=\"og:title\" content=\"Contact | PTV Logistics Blog\" \/>\n<meta property=\"og:description\" content=\"Vous avez une question ou vous \u00eates int\u00e9ress\u00e9 pour contribuer \u00e0 notre blog ? Il vous suffit de remplir le formulaire de contact. Nous vous r\u00e9pondrons dans les plus brefs d\u00e9lais.\" \/>\n<meta property=\"og:url\" content=\"https:\/\/blog.ptvlogistics.com\/en\/contact\/\" \/>\n<meta property=\"og:site_name\" content=\"PTV Logistics Blog\" \/>\n<meta property=\"article:modified_time\" content=\"2023-07-27T13:36:25+00:00\" \/>\n<meta name=\"twitter:card\" content=\"summary_large_image\" \/>\n<meta name=\"twitter:label1\" content=\"Dur\u00e9e de lecture estim\u00e9e\" \/>\n\t<meta name=\"twitter:data1\" content=\"1 minute\" \/>\n<script type=\"application\/ld+json\" class=\"yoast-schema-graph\">{\"@context\":\"https:\\\/\\\/schema.org\",\"@graph\":[{\"@type\":\"WebPage\",\"@id\":\"https:\\\/\\\/blog.ptvlogistics.com\\\/en\\\/contact\\\/\",\"url\":\"https:\\\/\\\/blog.ptvlogistics.com\\\/en\\\/contact\\\/\",\"name\":\"Contact | PTV Logistics Blog\",\"isPartOf\":{\"@id\":\"https:\\\/\\\/blog.ptvlogistics.com\\\/en\\\/#website\"},\"datePublished\":\"2019-08-23T10:53:10+00:00\",\"dateModified\":\"2023-07-27T13:36:25+00:00\",\"description\":\"Vous avez une question ou vous \u00eates int\u00e9ress\u00e9 pour contribuer \u00e0 notre blog ? Il vous suffit de remplir le formulaire de contact. Nous vous r\u00e9pondrons dans les plus brefs d\u00e9lais.\",\"breadcrumb\":{\"@id\":\"https:\\\/\\\/blog.ptvlogistics.com\\\/en\\\/contact\\\/#breadcrumb\"},\"inLanguage\":\"fr-FR\",\"potentialAction\":[{\"@type\":\"ReadAction\",\"target\":[\"https:\\\/\\\/blog.ptvlogistics.com\\\/en\\\/contact\\\/\"]}]},{\"@type\":\"BreadcrumbList\",\"@id\":\"https:\\\/\\\/blog.ptvlogistics.com\\\/en\\\/contact\\\/#breadcrumb\",\"itemListElement\":[{\"@type\":\"ListItem\",\"position\":1,\"name\":\"Startseite\",\"item\":\"https:\\\/\\\/blog.ptvlogistics.com\\\/fr\\\/\"},{\"@type\":\"ListItem\",\"position\":2,\"name\":\"Contact\"}]},{\"@type\":\"WebSite\",\"@id\":\"https:\\\/\\\/blog.ptvlogistics.com\\\/en\\\/#website\",\"url\":\"https:\\\/\\\/blog.ptvlogistics.com\\\/en\\\/\",\"name\":\"PTV Logistics Blog\",\"description\":\"Nous proposons des technologies qui disposent des meilleurs algorithmes et donn\u00e9es pour r\u00e9aliser des \u00e9conomies sur les co\u00fbts logistiques et les \u00e9missions.\",\"publisher\":{\"@id\":\"https:\\\/\\\/blog.ptvlogistics.com\\\/en\\\/#organization\"},\"potentialAction\":[{\"@type\":\"SearchAction\",\"target\":{\"@type\":\"EntryPoint\",\"urlTemplate\":\"https:\\\/\\\/blog.ptvlogistics.com\\\/en\\\/?s={search_term_string}\"},\"query-input\":{\"@type\":\"PropertyValueSpecification\",\"valueRequired\":true,\"valueName\":\"search_term_string\"}}],\"inLanguage\":\"fr-FR\"},{\"@type\":\"Organization\",\"@id\":\"https:\\\/\\\/blog.ptvlogistics.com\\\/en\\\/#organization\",\"name\":\"PTV Logistics\",\"url\":\"https:\\\/\\\/blog.ptvlogistics.com\\\/en\\\/\",\"logo\":{\"@type\":\"ImageObject\",\"inLanguage\":\"fr-FR\",\"@id\":\"https:\\\/\\\/blog.ptvlogistics.com\\\/en\\\/#\\\/schema\\\/logo\\\/image\\\/\",\"url\":\"https:\\\/\\\/blog.ptvlogistics.com\\\/wp-content\\\/uploads\\\/2023\\\/08\\\/PTV_Logistics_black_black.png\",\"contentUrl\":\"https:\\\/\\\/blog.ptvlogistics.com\\\/wp-content\\\/uploads\\\/2023\\\/08\\\/PTV_Logistics_black_black.png\",\"width\":1479,\"height\":266,\"caption\":\"PTV Logistics\"},\"image\":{\"@id\":\"https:\\\/\\\/blog.ptvlogistics.com\\\/en\\\/#\\\/schema\\\/logo\\\/image\\\/\"},\"sameAs\":[\"https:\\\/\\\/be.linkedin.com\\\/company\\\/ptvlogistics\",\"https:\\\/\\\/www.youtube.com\\\/@PTVGroupLogistics\"]}]}<\/script>\n<!-- \/ Yoast SEO plugin. -->","yoast_head_json":{"title":"Contact | PTV Logistics Blog","description":"Vous avez une question ou vous \u00eates int\u00e9ress\u00e9 pour contribuer \u00e0 notre blog ? Il vous suffit de remplir le formulaire de contact. Nous vous r\u00e9pondrons dans les plus brefs d\u00e9lais.","robots":{"index":"index","follow":"follow","max-snippet":"max-snippet:-1","max-image-preview":"max-image-preview:large","max-video-preview":"max-video-preview:-1"},"canonical":"https:\/\/blog.ptvlogistics.com\/en\/contact\/","og_locale":"fr_FR","og_type":"article","og_title":"Contact | PTV Logistics Blog","og_description":"Vous avez une question ou vous \u00eates int\u00e9ress\u00e9 pour contribuer \u00e0 notre blog ? Il vous suffit de remplir le formulaire de contact. Nous vous r\u00e9pondrons dans les plus brefs d\u00e9lais.","og_url":"https:\/\/blog.ptvlogistics.com\/en\/contact\/","og_site_name":"PTV Logistics Blog","article_modified_time":"2023-07-27T13:36:25+00:00","twitter_card":"summary_large_image","twitter_misc":{"Dur\u00e9e de lecture estim\u00e9e":"1 minute"},"schema":{"@context":"https:\/\/schema.org","@graph":[{"@type":"WebPage","@id":"https:\/\/blog.ptvlogistics.com\/en\/contact\/","url":"https:\/\/blog.ptvlogistics.com\/en\/contact\/","name":"Contact | PTV Logistics Blog","isPartOf":{"@id":"https:\/\/blog.ptvlogistics.com\/en\/#website"},"datePublished":"2019-08-23T10:53:10+00:00","dateModified":"2023-07-27T13:36:25+00:00","description":"Vous avez une question ou vous \u00eates int\u00e9ress\u00e9 pour contribuer \u00e0 notre blog ? Il vous suffit de remplir le formulaire de contact. Nous vous r\u00e9pondrons dans les plus brefs d\u00e9lais.","breadcrumb":{"@id":"https:\/\/blog.ptvlogistics.com\/en\/contact\/#breadcrumb"},"inLanguage":"fr-FR","potentialAction":[{"@type":"ReadAction","target":["https:\/\/blog.ptvlogistics.com\/en\/contact\/"]}]},{"@type":"BreadcrumbList","@id":"https:\/\/blog.ptvlogistics.com\/en\/contact\/#breadcrumb","itemListElement":[{"@type":"ListItem","position":1,"name":"Startseite","item":"https:\/\/blog.ptvlogistics.com\/fr\/"},{"@type":"ListItem","position":2,"name":"Contact"}]},{"@type":"WebSite","@id":"https:\/\/blog.ptvlogistics.com\/en\/#website","url":"https:\/\/blog.ptvlogistics.com\/en\/","name":"PTV Logistics Blog","description":"Nous proposons des technologies qui disposent des meilleurs algorithmes et donn\u00e9es pour r\u00e9aliser des \u00e9conomies sur les co\u00fbts logistiques et les \u00e9missions.","publisher":{"@id":"https:\/\/blog.ptvlogistics.com\/en\/#organization"},"potentialAction":[{"@type":"SearchAction","target":{"@type":"EntryPoint","urlTemplate":"https:\/\/blog.ptvlogistics.com\/en\/?s={search_term_string}"},"query-input":{"@type":"PropertyValueSpecification","valueRequired":true,"valueName":"search_term_string"}}],"inLanguage":"fr-FR"},{"@type":"Organization","@id":"https:\/\/blog.ptvlogistics.com\/en\/#organization","name":"PTV Logistics","url":"https:\/\/blog.ptvlogistics.com\/en\/","logo":{"@type":"ImageObject","inLanguage":"fr-FR","@id":"https:\/\/blog.ptvlogistics.com\/en\/#\/schema\/logo\/image\/","url":"https:\/\/blog.ptvlogistics.com\/wp-content\/uploads\/2023\/08\/PTV_Logistics_black_black.png","contentUrl":"https:\/\/blog.ptvlogistics.com\/wp-content\/uploads\/2023\/08\/PTV_Logistics_black_black.png","width":1479,"height":266,"caption":"PTV Logistics"},"image":{"@id":"https:\/\/blog.ptvlogistics.com\/en\/#\/schema\/logo\/image\/"},"sameAs":["https:\/\/be.linkedin.com\/company\/ptvlogistics","https:\/\/www.youtube.com\/@PTVGroupLogistics"]}]}},"_links":{"self":[{"href":"https:\/\/blog.ptvlogistics.com\/fr\/wp-json\/wp\/v2\/pages\/1110","targetHints":{"allow":["GET"]}}],"collection":[{"href":"https:\/\/blog.ptvlogistics.com\/fr\/wp-json\/wp\/v2\/pages"}],"about":[{"href":"https:\/\/blog.ptvlogistics.com\/fr\/wp-json\/wp\/v2\/types\/page"}],"author":[{"embeddable":true,"href":"https:\/\/blog.ptvlogistics.com\/fr\/wp-json\/wp\/v2\/users\/2"}],"replies":[{"embeddable":true,"href":"https:\/\/blog.ptvlogistics.com\/fr\/wp-json\/wp\/v2\/comments?post=1110"}],"version-history":[{"count":7,"href":"https:\/\/blog.ptvlogistics.com\/fr\/wp-json\/wp\/v2\/pages\/1110\/revisions"}],"predecessor-version":[{"id":6904,"href":"https:\/\/blog.ptvlogistics.com\/fr\/wp-json\/wp\/v2\/pages\/1110\/revisions\/6904"}],"wp:attachment":[{"href":"https:\/\/blog.ptvlogistics.com\/fr\/wp-json\/wp\/v2\/media?parent=1110"}],"curies":[{"name":"wp","href":"https:\/\/api.w.org\/{rel}","templated":true}]}}