{"id":1114,"date":"2019-08-23T12:54:57","date_gmt":"2019-08-23T10:54:57","guid":{"rendered":"https:\/\/blog.ptvgroup.com\/?page_id=1114"},"modified":"2019-12-03T10:36:12","modified_gmt":"2019-12-03T09:36:12","slug":"inscription-newsletter","status":"publish","type":"page","link":"https:\/\/blog.ptvlogistics.com\/fr\/inscription-newsletter\/","title":{"rendered":"Inscription Newsletter"},"content":{"rendered":"<div class=\"wpb-content-wrapper\"><p>[vc_row full_width=&#8221;stretch_row_content&#8221; full_height=&#8221;yes&#8221; parallax=&#8221;content-moving-fade&#8221; parallax_image=&#8221;813&#8243; bg_type=&#8221;image&#8221; parallax_style=&#8221;vcpb-vz-jquery&#8221; bg_image_new=&#8221;id^1231|url^https:\/\/blog.ptvgroup.com\/wp-content\/uploads\/2019\/09\/ptv-blog_newsletter-signup_background.png|caption^null|alt^Signup for the PTV Blog Newsletter|title^ptv-blog_newsletter-signup_background|description^null&#8221; bg_image_repeat=&#8221;no-repeat&#8221; bg_image_size=&#8221;initial&#8221; css=&#8221;.vc_custom_1568893578586{margin-top: -20px !important;margin-bottom: -20px !important;}&#8221;][vc_column width=&#8221;1\/3&#8243;][\/vc_column][vc_column width=&#8221;1\/3&#8243;][vc_custom_heading text=&#8221;Abonnez-vous \u00e0 notre newsletter&#8221; font_container=&#8221;tag:h1|font_size:42px|text_align:center|color:%230a0a0a&#8221; use_theme_fonts=&#8221;yes&#8221; el_class=&#8221;h1-future&#8221; css=&#8221;.vc_custom_1568893769200{margin-bottom: -10px !important;border-bottom-width: -10px !important;padding-bottom: -10px !important;}&#8221;][vc_custom_heading text=&#8221;Inscrivez-vous ci-dessous pour \u00eatre inform\u00e9 des derni\u00e8res nouvelles sur la mobilit\u00e9 des biens et des personnes. Tout ce dont nous avons besoin, c&#8217;est de votre adresse e-mail.&#8221; font_container=&#8221;tag:h2|font_size:16px|text_align:center|color:%23000000|line_height:20px&#8221; use_theme_fonts=&#8221;yes&#8221; el_class=&#8221;h2-signup&#8221; css=&#8221;.vc_custom_1568893778440{padding-bottom: 40px !important;}&#8221;][vc_raw_html]JTNDZm9ybSUyMGFjdGlvbiUzRCUyMmh0dHBzJTNBJTJGJTJGczEzOTgxNTU4MjQudC5lbG9xdWEuY29tJTJGZSUyRmYyJTIyJTIwbWV0aG9kJTNEJTIyZ2V0JTIyJTIwdGFyZ2V0JTNEJTIyX2JsYW5rJTIyJTIwaWQlM0QlMjJzaWdudXBmb3JtJTIyJTIwb25zdWJtaXQlM0QlMjJyZXR1cm4lMjBjaGVja0Zvcm0lMjglMjklM0IlMjIlM0UlMEElMDklM0NmaWVsZHNldCUzRSUwQSUwOSUwOSUzQ2lucHV0JTIwdHlwZSUzRCUyMmhpZGRlbiUyMiUyMG5hbWUlM0QlMjJlbHFGb3JtTmFtZSUyMiUyMHZhbHVlJTNEJTIyYmxvZy1uZXdzbGV0dGVyLXNpZ251cC1mciUyMiUzRSUwQSUwOSUwOSUzQ2lucHV0JTIwdHlwZSUzRCUyMmhpZGRlbiUyMiUyMG5hbWUlM0QlMjJlbHFTaXRlSUQlMjIlMjB2YWx1ZSUzRCUyMjEzOTgxNTU4MjQlMjIlM0UlMEElMDklMDklM0NpbnB1dCUyMHR5cGUlM0QlMjJoaWRkZW4lMjIlMjBuYW1lJTNEJTIybGFuZ3VhZ2UlMjIlMjB2YWx1ZSUzRCUyMmVuJTIyJTNFJTBBJTA5JTA5JTNDaW5wdXQlMjB0eXBlJTNEJTIyZW1haWwlMjIlMjBuYW1lJTNEJTIyQWRyZXNzZSUyMiUyMHZhbHVlJTNEJTIyJTIyJTIwY2xhc3MlM0QlMjJzaWdudXAtZm9ybSUyMiUyMGFyaWEtcmVxdWlyZWQlM0QlMjJ0cnVlJTIyJTIwcGxhY2Vob2xkZXIlM0QlMjJBZHJlc3NlJTIwZS1tYWlsJTIyJTIwcmVxdWlyZWQlM0UlMEElMDklMDklM0NpbnB1dCUyMHR5cGUlM0QlMjJzdWJtaXQlMjIlMjB2YWx1ZSUzRCUyMkplJTIwbSUyN2luc2NyaXMlMjIlMjBjbGFzcyUzRCUyMnNpZ251cC1zdWJtaXQlMjIlM0UlMEElMDklMDklM0NkaXYlMjBjbGFzcyUzRCUyMmFjY2VwdC1wcml2YWN5JTIyJTNFJTBBJTA5JTA5JTA5JTNDaW5wdXQlMjB0eXBlJTNEJTIyY2hlY2tib3glMjIlMjBuYW1lJTNEJTIydGVybXMtYW5kLWNvbmRpdGlvbnMlMjIlMjB2YWx1ZSUzRCUyMjElMjIlMjBpZCUzRCUyMnByaXZhY3klMjIlMjBjbGFzcyUzRCUyMnRlcm1zJTIwcmVxdWlyZWQlMjIlMjByZXF1aXJlZCUzRSUwQSUwOSUwOSUwOSUzQ3NwYW4lM0UtJTA5T3VpJTJDJTIwamUlMjBzb3VoYWl0ZSUyMHJlY2V2b2lyJTIwbGElMjBuZXdzbGV0dGVyJTIwUFRWJTIwR3JvdXAuJTIwUFRWJTIwcGV1dCUyMGNvbnNlcnZlciUyMGV0JTIwdXRpbGlzZXIlMjBtZXMlMjBjb29yZG9ubiVDMyVBOWVzJTJDJTIwY29tbWUlMjBpbmRpcXUlQzMlQTklMjBkYW5zJTIwbm90cmUlMjAlM0NhJTIwaHJlZiUzRCUyMmh0dHBzJTNBJTJGJTJGd3d3LnB0dmdyb3VwLmNvbSUyRmVuJTJGdGVybXMtcHJpdmFjeSUyRnB0di1ncm91cC1kYXRhLXByaXZhY3ktc3RhdGVtZW50JTJGJTIyJTIwdGFyZ2V0JTNEJTIyX2JsYW5rJTIyJTNFcG9saXRpcXVlJTIwZGUlMjBjb25maWRlbnRpYWxpdCVDMyVBOSUzQyUyRmElM0UuJTNDJTJGc3BhbiUzRSUwQSUwOSUwOSUzQyUyRmRpdiUzRSUwQSUwOSUzQyUyRmZpZWxkc2V0JTNFJTBBJTNDJTJGZm9ybSUzRQ==[\/vc_raw_html][vc_empty_space height=&#8221;400px&#8221;][\/vc_column][vc_column width=&#8221;1\/3&#8243;][\/vc_column][\/vc_row]<\/p>\n<\/div>","protected":false},"excerpt":{"rendered":"<p class=\"card-text\">\n<p class=\"m-0\"><a class=\"btn btn-outline-secondary btn-read-more\" href=\"https:\/\/blog.ptvlogistics.com\/fr\/inscription-newsletter\/\">Lire plus<\/a><\/p>\n","protected":false},"author":2,"featured_media":0,"parent":0,"menu_order":0,"comment_status":"closed","ping_status":"closed","template":"","meta":{"footnotes":""},"class_list":["post-1114","page","type-page","status-publish","hentry"],"yoast_head":"<!-- This site is optimized with the Yoast SEO plugin v27.4 - https:\/\/yoast.com\/product\/yoast-seo-wordpress\/ -->\n<title>Inscription Newsletter | PTV Logistics Blog<\/title>\n<meta name=\"description\" content=\"Faites bouger le monde avec nous. La Newsletter du blog PTV Group vous informe r\u00e9guli\u00e8rement sur la circulation des personnes et des marchandises. Inscrivez-vous maintenant !\" \/>\n<meta name=\"robots\" content=\"index, follow, max-snippet:-1, max-image-preview:large, max-video-preview:-1\" \/>\n<link rel=\"canonical\" href=\"https:\/\/blog.ptvlogistics.com\/en\/newsletter-signup\/\" \/>\n<meta property=\"og:locale\" content=\"fr_FR\" \/>\n<meta property=\"og:type\" content=\"article\" \/>\n<meta property=\"og:title\" content=\"Inscription Newsletter | PTV Logistics Blog\" \/>\n<meta property=\"og:description\" content=\"Faites bouger le monde avec nous. La Newsletter du blog PTV Group vous informe r\u00e9guli\u00e8rement sur la circulation des personnes et des marchandises. Inscrivez-vous maintenant !\" \/>\n<meta property=\"og:url\" content=\"https:\/\/blog.ptvlogistics.com\/en\/newsletter-signup\/\" \/>\n<meta property=\"og:site_name\" content=\"PTV Logistics Blog\" \/>\n<meta property=\"article:modified_time\" content=\"2019-12-03T09:36:12+00:00\" \/>\n<meta name=\"twitter:card\" content=\"summary_large_image\" \/>\n<meta name=\"twitter:label1\" content=\"Dur\u00e9e de lecture estim\u00e9e\" \/>\n\t<meta name=\"twitter:data1\" content=\"1 minute\" \/>\n<script type=\"application\/ld+json\" class=\"yoast-schema-graph\">{\"@context\":\"https:\\\/\\\/schema.org\",\"@graph\":[{\"@type\":\"WebPage\",\"@id\":\"https:\\\/\\\/blog.ptvlogistics.com\\\/en\\\/newsletter-signup\\\/\",\"url\":\"https:\\\/\\\/blog.ptvlogistics.com\\\/en\\\/newsletter-signup\\\/\",\"name\":\"Inscription Newsletter | PTV Logistics Blog\",\"isPartOf\":{\"@id\":\"https:\\\/\\\/blog.ptvlogistics.com\\\/en\\\/#website\"},\"datePublished\":\"2019-08-23T10:54:57+00:00\",\"dateModified\":\"2019-12-03T09:36:12+00:00\",\"description\":\"Faites bouger le monde avec nous. La Newsletter du blog PTV Group vous informe r\u00e9guli\u00e8rement sur la circulation des personnes et des marchandises. Inscrivez-vous maintenant !\",\"breadcrumb\":{\"@id\":\"https:\\\/\\\/blog.ptvlogistics.com\\\/en\\\/newsletter-signup\\\/#breadcrumb\"},\"inLanguage\":\"fr-FR\",\"potentialAction\":[{\"@type\":\"ReadAction\",\"target\":[\"https:\\\/\\\/blog.ptvlogistics.com\\\/en\\\/newsletter-signup\\\/\"]}]},{\"@type\":\"BreadcrumbList\",\"@id\":\"https:\\\/\\\/blog.ptvlogistics.com\\\/en\\\/newsletter-signup\\\/#breadcrumb\",\"itemListElement\":[{\"@type\":\"ListItem\",\"position\":1,\"name\":\"Startseite\",\"item\":\"https:\\\/\\\/blog.ptvlogistics.com\\\/fr\\\/\"},{\"@type\":\"ListItem\",\"position\":2,\"name\":\"Inscription Newsletter\"}]},{\"@type\":\"WebSite\",\"@id\":\"https:\\\/\\\/blog.ptvlogistics.com\\\/en\\\/#website\",\"url\":\"https:\\\/\\\/blog.ptvlogistics.com\\\/en\\\/\",\"name\":\"PTV Logistics Blog\",\"description\":\"Nous proposons des technologies qui disposent des meilleurs algorithmes et donn\u00e9es pour r\u00e9aliser des \u00e9conomies sur les co\u00fbts logistiques et les \u00e9missions.\",\"publisher\":{\"@id\":\"https:\\\/\\\/blog.ptvlogistics.com\\\/en\\\/#organization\"},\"potentialAction\":[{\"@type\":\"SearchAction\",\"target\":{\"@type\":\"EntryPoint\",\"urlTemplate\":\"https:\\\/\\\/blog.ptvlogistics.com\\\/en\\\/?s={search_term_string}\"},\"query-input\":{\"@type\":\"PropertyValueSpecification\",\"valueRequired\":true,\"valueName\":\"search_term_string\"}}],\"inLanguage\":\"fr-FR\"},{\"@type\":\"Organization\",\"@id\":\"https:\\\/\\\/blog.ptvlogistics.com\\\/en\\\/#organization\",\"name\":\"PTV Logistics\",\"url\":\"https:\\\/\\\/blog.ptvlogistics.com\\\/en\\\/\",\"logo\":{\"@type\":\"ImageObject\",\"inLanguage\":\"fr-FR\",\"@id\":\"https:\\\/\\\/blog.ptvlogistics.com\\\/en\\\/#\\\/schema\\\/logo\\\/image\\\/\",\"url\":\"https:\\\/\\\/blog.ptvlogistics.com\\\/wp-content\\\/uploads\\\/2023\\\/08\\\/PTV_Logistics_black_black.png\",\"contentUrl\":\"https:\\\/\\\/blog.ptvlogistics.com\\\/wp-content\\\/uploads\\\/2023\\\/08\\\/PTV_Logistics_black_black.png\",\"width\":1479,\"height\":266,\"caption\":\"PTV Logistics\"},\"image\":{\"@id\":\"https:\\\/\\\/blog.ptvlogistics.com\\\/en\\\/#\\\/schema\\\/logo\\\/image\\\/\"},\"sameAs\":[\"https:\\\/\\\/be.linkedin.com\\\/company\\\/ptvlogistics\",\"https:\\\/\\\/www.youtube.com\\\/@PTVGroupLogistics\"]}]}<\/script>\n<!-- \/ Yoast SEO plugin. -->","yoast_head_json":{"title":"Inscription Newsletter | PTV Logistics Blog","description":"Faites bouger le monde avec nous. La Newsletter du blog PTV Group vous informe r\u00e9guli\u00e8rement sur la circulation des personnes et des marchandises. Inscrivez-vous maintenant !","robots":{"index":"index","follow":"follow","max-snippet":"max-snippet:-1","max-image-preview":"max-image-preview:large","max-video-preview":"max-video-preview:-1"},"canonical":"https:\/\/blog.ptvlogistics.com\/en\/newsletter-signup\/","og_locale":"fr_FR","og_type":"article","og_title":"Inscription Newsletter | PTV Logistics Blog","og_description":"Faites bouger le monde avec nous. La Newsletter du blog PTV Group vous informe r\u00e9guli\u00e8rement sur la circulation des personnes et des marchandises. Inscrivez-vous maintenant !","og_url":"https:\/\/blog.ptvlogistics.com\/en\/newsletter-signup\/","og_site_name":"PTV Logistics Blog","article_modified_time":"2019-12-03T09:36:12+00:00","twitter_card":"summary_large_image","twitter_misc":{"Dur\u00e9e de lecture estim\u00e9e":"1 minute"},"schema":{"@context":"https:\/\/schema.org","@graph":[{"@type":"WebPage","@id":"https:\/\/blog.ptvlogistics.com\/en\/newsletter-signup\/","url":"https:\/\/blog.ptvlogistics.com\/en\/newsletter-signup\/","name":"Inscription Newsletter | PTV Logistics Blog","isPartOf":{"@id":"https:\/\/blog.ptvlogistics.com\/en\/#website"},"datePublished":"2019-08-23T10:54:57+00:00","dateModified":"2019-12-03T09:36:12+00:00","description":"Faites bouger le monde avec nous. La Newsletter du blog PTV Group vous informe r\u00e9guli\u00e8rement sur la circulation des personnes et des marchandises. Inscrivez-vous maintenant !","breadcrumb":{"@id":"https:\/\/blog.ptvlogistics.com\/en\/newsletter-signup\/#breadcrumb"},"inLanguage":"fr-FR","potentialAction":[{"@type":"ReadAction","target":["https:\/\/blog.ptvlogistics.com\/en\/newsletter-signup\/"]}]},{"@type":"BreadcrumbList","@id":"https:\/\/blog.ptvlogistics.com\/en\/newsletter-signup\/#breadcrumb","itemListElement":[{"@type":"ListItem","position":1,"name":"Startseite","item":"https:\/\/blog.ptvlogistics.com\/fr\/"},{"@type":"ListItem","position":2,"name":"Inscription Newsletter"}]},{"@type":"WebSite","@id":"https:\/\/blog.ptvlogistics.com\/en\/#website","url":"https:\/\/blog.ptvlogistics.com\/en\/","name":"PTV Logistics Blog","description":"Nous proposons des technologies qui disposent des meilleurs algorithmes et donn\u00e9es pour r\u00e9aliser des \u00e9conomies sur les co\u00fbts logistiques et les \u00e9missions.","publisher":{"@id":"https:\/\/blog.ptvlogistics.com\/en\/#organization"},"potentialAction":[{"@type":"SearchAction","target":{"@type":"EntryPoint","urlTemplate":"https:\/\/blog.ptvlogistics.com\/en\/?s={search_term_string}"},"query-input":{"@type":"PropertyValueSpecification","valueRequired":true,"valueName":"search_term_string"}}],"inLanguage":"fr-FR"},{"@type":"Organization","@id":"https:\/\/blog.ptvlogistics.com\/en\/#organization","name":"PTV Logistics","url":"https:\/\/blog.ptvlogistics.com\/en\/","logo":{"@type":"ImageObject","inLanguage":"fr-FR","@id":"https:\/\/blog.ptvlogistics.com\/en\/#\/schema\/logo\/image\/","url":"https:\/\/blog.ptvlogistics.com\/wp-content\/uploads\/2023\/08\/PTV_Logistics_black_black.png","contentUrl":"https:\/\/blog.ptvlogistics.com\/wp-content\/uploads\/2023\/08\/PTV_Logistics_black_black.png","width":1479,"height":266,"caption":"PTV Logistics"},"image":{"@id":"https:\/\/blog.ptvlogistics.com\/en\/#\/schema\/logo\/image\/"},"sameAs":["https:\/\/be.linkedin.com\/company\/ptvlogistics","https:\/\/www.youtube.com\/@PTVGroupLogistics"]}]}},"_links":{"self":[{"href":"https:\/\/blog.ptvlogistics.com\/fr\/wp-json\/wp\/v2\/pages\/1114","targetHints":{"allow":["GET"]}}],"collection":[{"href":"https:\/\/blog.ptvlogistics.com\/fr\/wp-json\/wp\/v2\/pages"}],"about":[{"href":"https:\/\/blog.ptvlogistics.com\/fr\/wp-json\/wp\/v2\/types\/page"}],"author":[{"embeddable":true,"href":"https:\/\/blog.ptvlogistics.com\/fr\/wp-json\/wp\/v2\/users\/2"}],"replies":[{"embeddable":true,"href":"https:\/\/blog.ptvlogistics.com\/fr\/wp-json\/wp\/v2\/comments?post=1114"}],"version-history":[{"count":8,"href":"https:\/\/blog.ptvlogistics.com\/fr\/wp-json\/wp\/v2\/pages\/1114\/revisions"}],"predecessor-version":[{"id":1242,"href":"https:\/\/blog.ptvlogistics.com\/fr\/wp-json\/wp\/v2\/pages\/1114\/revisions\/1242"}],"wp:attachment":[{"href":"https:\/\/blog.ptvlogistics.com\/fr\/wp-json\/wp\/v2\/media?parent=1114"}],"curies":[{"name":"wp","href":"https:\/\/api.w.org\/{rel}","templated":true}]}}