{"id":1117,"date":"2019-08-23T12:57:06","date_gmt":"2019-08-23T10:57:06","guid":{"rendered":"https:\/\/blog.ptvgroup.com\/?page_id=1117"},"modified":"2019-09-24T13:44:17","modified_gmt":"2019-09-24T11:44:17","slug":"merci","status":"publish","type":"page","link":"https:\/\/blog.ptvlogistics.com\/fr\/inscription-newsletter\/merci\/","title":{"rendered":"Merci pour l&#8217;inscription"},"content":{"rendered":"<div class=\"wpb-content-wrapper\"><p>[vc_row][vc_column width=&#8221;1\/6&#8243;][\/vc_column][vc_column width=&#8221;2\/3&#8243;][vc_custom_heading text=&#8221;Merci d&#8217;avoir rejoint les abonn\u00e9s \u00e0 la newsletter du PTV Blog.&#8221; font_container=&#8221;tag:h1|text_align:center&#8221; use_theme_fonts=&#8221;yes&#8221; css=&#8221;.vc_custom_1568901343138{padding-bottom: -40px !important;}&#8221;][\/vc_column][vc_column width=&#8221;1\/6&#8243;][\/vc_column][\/vc_row][vc_row][vc_column][vc_btn title=&#8221;Retour \u00e0 la page d&#8217;accueil&#8221; style=&#8221;flat&#8221; shape=&#8221;square&#8221; color=&#8221;black&#8221; align=&#8221;center&#8221; link=&#8221;url:https%3A%2F%2Fblog.ptvgroup.com%2Ffr%2F|title:PTV%20Blog%20Start%20Page||&#8221; css=&#8221;.vc_custom_1568901369289{padding-top: 20px !important;}&#8221;][vc_empty_space height=&#8221;200px&#8221;][\/vc_column][\/vc_row]<\/p>\n<\/div>","protected":false},"excerpt":{"rendered":"<p class=\"card-text\"> [&#8230;]<\/p>\n<p class=\"m-0\"><a class=\"btn btn-outline-secondary btn-read-more\" href=\"https:\/\/blog.ptvlogistics.com\/fr\/inscription-newsletter\/merci\/\">Lire plus<\/a><\/p>\n","protected":false},"author":2,"featured_media":0,"parent":1114,"menu_order":0,"comment_status":"closed","ping_status":"closed","template":"","meta":{"footnotes":""},"class_list":["post-1117","page","type-page","status-publish","hentry"],"yoast_head":"<!-- This site is optimized with the Yoast SEO plugin v27.3 - https:\/\/yoast.com\/product\/yoast-seo-wordpress\/ -->\n<title>Merci pour l&#039;inscription | PTV Logistics Blog<\/title>\n<meta name=\"description\" content=\"Merci beaucoup de vous joindre \u00e0 nous. Vous recevrez bient\u00f4t des nouvelles et des mises \u00e0 jour r\u00e9guli\u00e8res.\" \/>\n<meta name=\"robots\" content=\"noindex, follow\" \/>\n<meta property=\"og:locale\" content=\"fr_FR\" \/>\n<meta property=\"og:type\" content=\"article\" \/>\n<meta property=\"og:title\" content=\"Merci pour l&#039;inscription | PTV Logistics Blog\" \/>\n<meta property=\"og:description\" content=\"Merci beaucoup de vous joindre \u00e0 nous. Vous recevrez bient\u00f4t des nouvelles et des mises \u00e0 jour r\u00e9guli\u00e8res.\" \/>\n<meta property=\"og:url\" content=\"https:\/\/blog.ptvlogistics.com\/en\/newsletter-signup\/thank-you\/\" \/>\n<meta property=\"og:site_name\" content=\"PTV Logistics Blog\" \/>\n<meta property=\"article:modified_time\" content=\"2019-09-24T11:44:17+00:00\" \/>\n<meta name=\"twitter:card\" content=\"summary_large_image\" \/>\n<meta name=\"twitter:label1\" content=\"Dur\u00e9e de lecture estim\u00e9e\" \/>\n\t<meta name=\"twitter:data1\" content=\"1 minute\" \/>\n<script type=\"application\/ld+json\" class=\"yoast-schema-graph\">{\"@context\":\"https:\\\/\\\/schema.org\",\"@graph\":[{\"@type\":\"WebPage\",\"@id\":\"https:\\\/\\\/blog.ptvlogistics.com\\\/en\\\/newsletter-signup\\\/thank-you\\\/\",\"url\":\"https:\\\/\\\/blog.ptvlogistics.com\\\/en\\\/newsletter-signup\\\/thank-you\\\/\",\"name\":\"Merci pour l'inscription | PTV Logistics Blog\",\"isPartOf\":{\"@id\":\"https:\\\/\\\/blog.ptvlogistics.com\\\/en\\\/#website\"},\"datePublished\":\"2019-08-23T10:57:06+00:00\",\"dateModified\":\"2019-09-24T11:44:17+00:00\",\"description\":\"Merci beaucoup de vous joindre \u00e0 nous. Vous recevrez bient\u00f4t des nouvelles et des mises \u00e0 jour r\u00e9guli\u00e8res.\",\"breadcrumb\":{\"@id\":\"https:\\\/\\\/blog.ptvlogistics.com\\\/en\\\/newsletter-signup\\\/thank-you\\\/#breadcrumb\"},\"inLanguage\":\"fr-FR\",\"potentialAction\":[{\"@type\":\"ReadAction\",\"target\":[\"https:\\\/\\\/blog.ptvlogistics.com\\\/en\\\/newsletter-signup\\\/thank-you\\\/\"]}]},{\"@type\":\"BreadcrumbList\",\"@id\":\"https:\\\/\\\/blog.ptvlogistics.com\\\/en\\\/newsletter-signup\\\/thank-you\\\/#breadcrumb\",\"itemListElement\":[{\"@type\":\"ListItem\",\"position\":1,\"name\":\"Startseite\",\"item\":\"https:\\\/\\\/blog.ptvlogistics.com\\\/fr\\\/\"},{\"@type\":\"ListItem\",\"position\":2,\"name\":\"Inscription Newsletter\",\"item\":\"https:\\\/\\\/blog.ptvlogistics.com\\\/en\\\/newsletter-signup\\\/\"},{\"@type\":\"ListItem\",\"position\":3,\"name\":\"Merci pour l&#8217;inscription\"}]},{\"@type\":\"WebSite\",\"@id\":\"https:\\\/\\\/blog.ptvlogistics.com\\\/en\\\/#website\",\"url\":\"https:\\\/\\\/blog.ptvlogistics.com\\\/en\\\/\",\"name\":\"PTV Logistics Blog\",\"description\":\"Nous proposons des technologies qui disposent des meilleurs algorithmes et donn\u00e9es pour r\u00e9aliser des \u00e9conomies sur les co\u00fbts logistiques et les \u00e9missions.\",\"publisher\":{\"@id\":\"https:\\\/\\\/blog.ptvlogistics.com\\\/en\\\/#organization\"},\"potentialAction\":[{\"@type\":\"SearchAction\",\"target\":{\"@type\":\"EntryPoint\",\"urlTemplate\":\"https:\\\/\\\/blog.ptvlogistics.com\\\/en\\\/?s={search_term_string}\"},\"query-input\":{\"@type\":\"PropertyValueSpecification\",\"valueRequired\":true,\"valueName\":\"search_term_string\"}}],\"inLanguage\":\"fr-FR\"},{\"@type\":\"Organization\",\"@id\":\"https:\\\/\\\/blog.ptvlogistics.com\\\/en\\\/#organization\",\"name\":\"PTV Logistics\",\"url\":\"https:\\\/\\\/blog.ptvlogistics.com\\\/en\\\/\",\"logo\":{\"@type\":\"ImageObject\",\"inLanguage\":\"fr-FR\",\"@id\":\"https:\\\/\\\/blog.ptvlogistics.com\\\/en\\\/#\\\/schema\\\/logo\\\/image\\\/\",\"url\":\"https:\\\/\\\/blog.ptvlogistics.com\\\/wp-content\\\/uploads\\\/2023\\\/08\\\/PTV_Logistics_black_black.png\",\"contentUrl\":\"https:\\\/\\\/blog.ptvlogistics.com\\\/wp-content\\\/uploads\\\/2023\\\/08\\\/PTV_Logistics_black_black.png\",\"width\":1479,\"height\":266,\"caption\":\"PTV Logistics\"},\"image\":{\"@id\":\"https:\\\/\\\/blog.ptvlogistics.com\\\/en\\\/#\\\/schema\\\/logo\\\/image\\\/\"},\"sameAs\":[\"https:\\\/\\\/be.linkedin.com\\\/company\\\/ptvlogistics\",\"https:\\\/\\\/www.youtube.com\\\/@PTVGroupLogistics\"]}]}<\/script>\n<!-- \/ Yoast SEO plugin. -->","yoast_head_json":{"title":"Merci pour l'inscription | PTV Logistics Blog","description":"Merci beaucoup de vous joindre \u00e0 nous. Vous recevrez bient\u00f4t des nouvelles et des mises \u00e0 jour r\u00e9guli\u00e8res.","robots":{"index":"noindex","follow":"follow"},"og_locale":"fr_FR","og_type":"article","og_title":"Merci pour l'inscription | PTV Logistics Blog","og_description":"Merci beaucoup de vous joindre \u00e0 nous. Vous recevrez bient\u00f4t des nouvelles et des mises \u00e0 jour r\u00e9guli\u00e8res.","og_url":"https:\/\/blog.ptvlogistics.com\/en\/newsletter-signup\/thank-you\/","og_site_name":"PTV Logistics Blog","article_modified_time":"2019-09-24T11:44:17+00:00","twitter_card":"summary_large_image","twitter_misc":{"Dur\u00e9e de lecture estim\u00e9e":"1 minute"},"schema":{"@context":"https:\/\/schema.org","@graph":[{"@type":"WebPage","@id":"https:\/\/blog.ptvlogistics.com\/en\/newsletter-signup\/thank-you\/","url":"https:\/\/blog.ptvlogistics.com\/en\/newsletter-signup\/thank-you\/","name":"Merci pour l'inscription | PTV Logistics Blog","isPartOf":{"@id":"https:\/\/blog.ptvlogistics.com\/en\/#website"},"datePublished":"2019-08-23T10:57:06+00:00","dateModified":"2019-09-24T11:44:17+00:00","description":"Merci beaucoup de vous joindre \u00e0 nous. Vous recevrez bient\u00f4t des nouvelles et des mises \u00e0 jour r\u00e9guli\u00e8res.","breadcrumb":{"@id":"https:\/\/blog.ptvlogistics.com\/en\/newsletter-signup\/thank-you\/#breadcrumb"},"inLanguage":"fr-FR","potentialAction":[{"@type":"ReadAction","target":["https:\/\/blog.ptvlogistics.com\/en\/newsletter-signup\/thank-you\/"]}]},{"@type":"BreadcrumbList","@id":"https:\/\/blog.ptvlogistics.com\/en\/newsletter-signup\/thank-you\/#breadcrumb","itemListElement":[{"@type":"ListItem","position":1,"name":"Startseite","item":"https:\/\/blog.ptvlogistics.com\/fr\/"},{"@type":"ListItem","position":2,"name":"Inscription Newsletter","item":"https:\/\/blog.ptvlogistics.com\/en\/newsletter-signup\/"},{"@type":"ListItem","position":3,"name":"Merci pour l&#8217;inscription"}]},{"@type":"WebSite","@id":"https:\/\/blog.ptvlogistics.com\/en\/#website","url":"https:\/\/blog.ptvlogistics.com\/en\/","name":"PTV Logistics Blog","description":"Nous proposons des technologies qui disposent des meilleurs algorithmes et donn\u00e9es pour r\u00e9aliser des \u00e9conomies sur les co\u00fbts logistiques et les \u00e9missions.","publisher":{"@id":"https:\/\/blog.ptvlogistics.com\/en\/#organization"},"potentialAction":[{"@type":"SearchAction","target":{"@type":"EntryPoint","urlTemplate":"https:\/\/blog.ptvlogistics.com\/en\/?s={search_term_string}"},"query-input":{"@type":"PropertyValueSpecification","valueRequired":true,"valueName":"search_term_string"}}],"inLanguage":"fr-FR"},{"@type":"Organization","@id":"https:\/\/blog.ptvlogistics.com\/en\/#organization","name":"PTV Logistics","url":"https:\/\/blog.ptvlogistics.com\/en\/","logo":{"@type":"ImageObject","inLanguage":"fr-FR","@id":"https:\/\/blog.ptvlogistics.com\/en\/#\/schema\/logo\/image\/","url":"https:\/\/blog.ptvlogistics.com\/wp-content\/uploads\/2023\/08\/PTV_Logistics_black_black.png","contentUrl":"https:\/\/blog.ptvlogistics.com\/wp-content\/uploads\/2023\/08\/PTV_Logistics_black_black.png","width":1479,"height":266,"caption":"PTV Logistics"},"image":{"@id":"https:\/\/blog.ptvlogistics.com\/en\/#\/schema\/logo\/image\/"},"sameAs":["https:\/\/be.linkedin.com\/company\/ptvlogistics","https:\/\/www.youtube.com\/@PTVGroupLogistics"]}]}},"_links":{"self":[{"href":"https:\/\/blog.ptvlogistics.com\/fr\/wp-json\/wp\/v2\/pages\/1117","targetHints":{"allow":["GET"]}}],"collection":[{"href":"https:\/\/blog.ptvlogistics.com\/fr\/wp-json\/wp\/v2\/pages"}],"about":[{"href":"https:\/\/blog.ptvlogistics.com\/fr\/wp-json\/wp\/v2\/types\/page"}],"author":[{"embeddable":true,"href":"https:\/\/blog.ptvlogistics.com\/fr\/wp-json\/wp\/v2\/users\/2"}],"replies":[{"embeddable":true,"href":"https:\/\/blog.ptvlogistics.com\/fr\/wp-json\/wp\/v2\/comments?post=1117"}],"version-history":[{"count":6,"href":"https:\/\/blog.ptvlogistics.com\/fr\/wp-json\/wp\/v2\/pages\/1117\/revisions"}],"predecessor-version":[{"id":1394,"href":"https:\/\/blog.ptvlogistics.com\/fr\/wp-json\/wp\/v2\/pages\/1117\/revisions\/1394"}],"up":[{"embeddable":true,"href":"https:\/\/blog.ptvlogistics.com\/fr\/wp-json\/wp\/v2\/pages\/1114"}],"wp:attachment":[{"href":"https:\/\/blog.ptvlogistics.com\/fr\/wp-json\/wp\/v2\/media?parent=1117"}],"curies":[{"name":"wp","href":"https:\/\/api.w.org\/{rel}","templated":true}]}}