{"id":16770,"date":"2022-05-23T14:08:17","date_gmt":"2022-05-23T12:08:17","guid":{"rendered":"https:\/\/blog.ptvgroup.com\/cookie-preference\/"},"modified":"2022-05-24T13:29:09","modified_gmt":"2022-05-24T11:29:09","slug":"cookie-preference","status":"publish","type":"page","link":"https:\/\/blog.ptvlogistics.com\/fr\/cookie-preference\/","title":{"rendered":"Cookie Preference"},"content":{"rendered":"<div class=\"wpb-content-wrapper\"><p>[vc_row][vc_column][vc_empty_space height=&#8221;100px&#8221;][\/vc_column][\/vc_row][vc_row][vc_column][vc_column_text]<\/p>\n<h1 style=\"text-align: center;\">Manage your Cookie Preferences<\/h1>\n<p>[\/vc_column_text][\/vc_column][\/vc_row][vc_row][vc_column][vc_column_text]This website uses cookies. Cookies are important for the correct functioning of a website. To provide you with a more enjoyable experience, we use cookies to store your login information, to ensure secure login, to collect statistical information to optimize site functionality, and to provide you with content that is tailored to your interests. You have the possibility to withdraw your consent to the use of cookies at any time.<b>\u00a0The consent manager is displayed in the language which you have defined as your default browser language.<\/b>[\/vc_column_text][vc_raw_html]JTNDYSUyMGhyZWYlM0QlMjJqYXZhc2NyaXB0JTNBRGlkb21pLnByZWZlcmVuY2VzLnNob3clMjglMjklMjIlMjB0YXJnZXQlM0QlMjJfc2VsZiUyMiUzRUNsaWNrJTIwaGVyZSUyMHRvJTIwcmV2aWV3JTIweW91ciUyMGNvbnNlbnQlMjBjaG9pY2VzJTIwZm9yJTIwUFRWLiUyMCUzQyUyRmElM0U=[\/vc_raw_html][\/vc_column][\/vc_row][vc_row][vc_column][vc_empty_space height=&#8221;100px&#8221;][vc_empty_space height=&#8221;100px&#8221;][\/vc_column][\/vc_row]<\/p>\n<\/div>","protected":false},"excerpt":{"rendered":"<p class=\"card-text\"> Manage your Cookie Preferences This website uses cookies. Cookies are important for the correct functioning of a website. To provide you with a more enjoyable experience, we use cookies to store your login information, to ensure secure login, to collect statistical information to optimize site functionality, and to provide you with content that [&#8230;]<\/p>\n<p class=\"m-0\"><a class=\"btn btn-outline-secondary btn-read-more\" href=\"https:\/\/blog.ptvlogistics.com\/fr\/cookie-preference\/\">Lire plus<\/a><\/p>\n","protected":false},"author":5,"featured_media":0,"parent":0,"menu_order":0,"comment_status":"closed","ping_status":"closed","template":"","meta":{"footnotes":""},"class_list":["post-16770","page","type-page","status-publish","hentry"],"yoast_head":"<!-- This site is optimized with the Yoast SEO plugin v27.4 - https:\/\/yoast.com\/product\/yoast-seo-wordpress\/ -->\n<title>Cookie Preference | PTV Logistics Blog<\/title>\n<meta name=\"robots\" content=\"index, follow, max-snippet:-1, max-image-preview:large, max-video-preview:-1\" \/>\n<link rel=\"canonical\" href=\"https:\/\/blog.ptvlogistics.com\/en\/cookie-preferences\/\" \/>\n<meta property=\"og:locale\" content=\"fr_FR\" \/>\n<meta property=\"og:type\" content=\"article\" \/>\n<meta property=\"og:title\" content=\"Cookie Preference | PTV Logistics Blog\" \/>\n<meta property=\"og:description\" content=\"Manage your Cookie Preferences This website uses cookies. Cookies are important for the correct functioning of a website. To provide you with a more enjoyable experience, we use cookies to store your login information, to ensure secure login, to collect statistical information to optimize site functionality, and to provide you with content that [...]Lire plus\" \/>\n<meta property=\"og:url\" content=\"https:\/\/blog.ptvlogistics.com\/en\/cookie-preferences\/\" \/>\n<meta property=\"og:site_name\" content=\"PTV Logistics Blog\" \/>\n<meta property=\"article:modified_time\" content=\"2022-05-24T11:29:09+00:00\" \/>\n<meta name=\"twitter:card\" content=\"summary_large_image\" \/>\n<meta name=\"twitter:label1\" content=\"Dur\u00e9e de lecture estim\u00e9e\" \/>\n\t<meta name=\"twitter:data1\" content=\"1 minute\" \/>\n<script type=\"application\/ld+json\" class=\"yoast-schema-graph\">{\"@context\":\"https:\\\/\\\/schema.org\",\"@graph\":[{\"@type\":\"WebPage\",\"@id\":\"https:\\\/\\\/blog.ptvlogistics.com\\\/en\\\/cookie-preferences\\\/\",\"url\":\"https:\\\/\\\/blog.ptvlogistics.com\\\/en\\\/cookie-preferences\\\/\",\"name\":\"Cookie Preference | PTV Logistics Blog\",\"isPartOf\":{\"@id\":\"https:\\\/\\\/blog.ptvlogistics.com\\\/en\\\/#website\"},\"datePublished\":\"2022-05-23T12:08:17+00:00\",\"dateModified\":\"2022-05-24T11:29:09+00:00\",\"breadcrumb\":{\"@id\":\"https:\\\/\\\/blog.ptvlogistics.com\\\/en\\\/cookie-preferences\\\/#breadcrumb\"},\"inLanguage\":\"fr-FR\",\"potentialAction\":[{\"@type\":\"ReadAction\",\"target\":[\"https:\\\/\\\/blog.ptvlogistics.com\\\/en\\\/cookie-preferences\\\/\"]}]},{\"@type\":\"BreadcrumbList\",\"@id\":\"https:\\\/\\\/blog.ptvlogistics.com\\\/en\\\/cookie-preferences\\\/#breadcrumb\",\"itemListElement\":[{\"@type\":\"ListItem\",\"position\":1,\"name\":\"Startseite\",\"item\":\"https:\\\/\\\/blog.ptvlogistics.com\\\/fr\\\/\"},{\"@type\":\"ListItem\",\"position\":2,\"name\":\"Cookie Preference\"}]},{\"@type\":\"WebSite\",\"@id\":\"https:\\\/\\\/blog.ptvlogistics.com\\\/en\\\/#website\",\"url\":\"https:\\\/\\\/blog.ptvlogistics.com\\\/en\\\/\",\"name\":\"PTV Logistics Blog\",\"description\":\"Nous proposons des technologies qui disposent des meilleurs algorithmes et donn\u00e9es pour r\u00e9aliser des \u00e9conomies sur les co\u00fbts logistiques et les \u00e9missions.\",\"publisher\":{\"@id\":\"https:\\\/\\\/blog.ptvlogistics.com\\\/en\\\/#organization\"},\"potentialAction\":[{\"@type\":\"SearchAction\",\"target\":{\"@type\":\"EntryPoint\",\"urlTemplate\":\"https:\\\/\\\/blog.ptvlogistics.com\\\/en\\\/?s={search_term_string}\"},\"query-input\":{\"@type\":\"PropertyValueSpecification\",\"valueRequired\":true,\"valueName\":\"search_term_string\"}}],\"inLanguage\":\"fr-FR\"},{\"@type\":\"Organization\",\"@id\":\"https:\\\/\\\/blog.ptvlogistics.com\\\/en\\\/#organization\",\"name\":\"PTV Logistics\",\"url\":\"https:\\\/\\\/blog.ptvlogistics.com\\\/en\\\/\",\"logo\":{\"@type\":\"ImageObject\",\"inLanguage\":\"fr-FR\",\"@id\":\"https:\\\/\\\/blog.ptvlogistics.com\\\/en\\\/#\\\/schema\\\/logo\\\/image\\\/\",\"url\":\"https:\\\/\\\/blog.ptvlogistics.com\\\/wp-content\\\/uploads\\\/2023\\\/08\\\/PTV_Logistics_black_black.png\",\"contentUrl\":\"https:\\\/\\\/blog.ptvlogistics.com\\\/wp-content\\\/uploads\\\/2023\\\/08\\\/PTV_Logistics_black_black.png\",\"width\":1479,\"height\":266,\"caption\":\"PTV Logistics\"},\"image\":{\"@id\":\"https:\\\/\\\/blog.ptvlogistics.com\\\/en\\\/#\\\/schema\\\/logo\\\/image\\\/\"},\"sameAs\":[\"https:\\\/\\\/be.linkedin.com\\\/company\\\/ptvlogistics\",\"https:\\\/\\\/www.youtube.com\\\/@PTVGroupLogistics\"]}]}<\/script>\n<!-- \/ Yoast SEO plugin. -->","yoast_head_json":{"title":"Cookie Preference | PTV Logistics Blog","robots":{"index":"index","follow":"follow","max-snippet":"max-snippet:-1","max-image-preview":"max-image-preview:large","max-video-preview":"max-video-preview:-1"},"canonical":"https:\/\/blog.ptvlogistics.com\/en\/cookie-preferences\/","og_locale":"fr_FR","og_type":"article","og_title":"Cookie Preference | PTV Logistics Blog","og_description":"Manage your Cookie Preferences This website uses cookies. Cookies are important for the correct functioning of a website. To provide you with a more enjoyable experience, we use cookies to store your login information, to ensure secure login, to collect statistical information to optimize site functionality, and to provide you with content that [...]Lire plus","og_url":"https:\/\/blog.ptvlogistics.com\/en\/cookie-preferences\/","og_site_name":"PTV Logistics Blog","article_modified_time":"2022-05-24T11:29:09+00:00","twitter_card":"summary_large_image","twitter_misc":{"Dur\u00e9e de lecture estim\u00e9e":"1 minute"},"schema":{"@context":"https:\/\/schema.org","@graph":[{"@type":"WebPage","@id":"https:\/\/blog.ptvlogistics.com\/en\/cookie-preferences\/","url":"https:\/\/blog.ptvlogistics.com\/en\/cookie-preferences\/","name":"Cookie Preference | PTV Logistics Blog","isPartOf":{"@id":"https:\/\/blog.ptvlogistics.com\/en\/#website"},"datePublished":"2022-05-23T12:08:17+00:00","dateModified":"2022-05-24T11:29:09+00:00","breadcrumb":{"@id":"https:\/\/blog.ptvlogistics.com\/en\/cookie-preferences\/#breadcrumb"},"inLanguage":"fr-FR","potentialAction":[{"@type":"ReadAction","target":["https:\/\/blog.ptvlogistics.com\/en\/cookie-preferences\/"]}]},{"@type":"BreadcrumbList","@id":"https:\/\/blog.ptvlogistics.com\/en\/cookie-preferences\/#breadcrumb","itemListElement":[{"@type":"ListItem","position":1,"name":"Startseite","item":"https:\/\/blog.ptvlogistics.com\/fr\/"},{"@type":"ListItem","position":2,"name":"Cookie Preference"}]},{"@type":"WebSite","@id":"https:\/\/blog.ptvlogistics.com\/en\/#website","url":"https:\/\/blog.ptvlogistics.com\/en\/","name":"PTV Logistics Blog","description":"Nous proposons des technologies qui disposent des meilleurs algorithmes et donn\u00e9es pour r\u00e9aliser des \u00e9conomies sur les co\u00fbts logistiques et les \u00e9missions.","publisher":{"@id":"https:\/\/blog.ptvlogistics.com\/en\/#organization"},"potentialAction":[{"@type":"SearchAction","target":{"@type":"EntryPoint","urlTemplate":"https:\/\/blog.ptvlogistics.com\/en\/?s={search_term_string}"},"query-input":{"@type":"PropertyValueSpecification","valueRequired":true,"valueName":"search_term_string"}}],"inLanguage":"fr-FR"},{"@type":"Organization","@id":"https:\/\/blog.ptvlogistics.com\/en\/#organization","name":"PTV Logistics","url":"https:\/\/blog.ptvlogistics.com\/en\/","logo":{"@type":"ImageObject","inLanguage":"fr-FR","@id":"https:\/\/blog.ptvlogistics.com\/en\/#\/schema\/logo\/image\/","url":"https:\/\/blog.ptvlogistics.com\/wp-content\/uploads\/2023\/08\/PTV_Logistics_black_black.png","contentUrl":"https:\/\/blog.ptvlogistics.com\/wp-content\/uploads\/2023\/08\/PTV_Logistics_black_black.png","width":1479,"height":266,"caption":"PTV Logistics"},"image":{"@id":"https:\/\/blog.ptvlogistics.com\/en\/#\/schema\/logo\/image\/"},"sameAs":["https:\/\/be.linkedin.com\/company\/ptvlogistics","https:\/\/www.youtube.com\/@PTVGroupLogistics"]}]}},"_links":{"self":[{"href":"https:\/\/blog.ptvlogistics.com\/fr\/wp-json\/wp\/v2\/pages\/16770","targetHints":{"allow":["GET"]}}],"collection":[{"href":"https:\/\/blog.ptvlogistics.com\/fr\/wp-json\/wp\/v2\/pages"}],"about":[{"href":"https:\/\/blog.ptvlogistics.com\/fr\/wp-json\/wp\/v2\/types\/page"}],"author":[{"embeddable":true,"href":"https:\/\/blog.ptvlogistics.com\/fr\/wp-json\/wp\/v2\/users\/5"}],"replies":[{"embeddable":true,"href":"https:\/\/blog.ptvlogistics.com\/fr\/wp-json\/wp\/v2\/comments?post=16770"}],"version-history":[{"count":1,"href":"https:\/\/blog.ptvlogistics.com\/fr\/wp-json\/wp\/v2\/pages\/16770\/revisions"}],"predecessor-version":[{"id":16852,"href":"https:\/\/blog.ptvlogistics.com\/fr\/wp-json\/wp\/v2\/pages\/16770\/revisions\/16852"}],"wp:attachment":[{"href":"https:\/\/blog.ptvlogistics.com\/fr\/wp-json\/wp\/v2\/media?parent=16770"}],"curies":[{"name":"wp","href":"https:\/\/api.w.org\/{rel}","templated":true}]}}