{"id":24422,"date":"2024-04-30T09:43:25","date_gmt":"2024-04-30T07:43:25","guid":{"rendered":"https:\/\/blog.ptvlogistics.com\/ptv-logistics-blog\/"},"modified":"2024-09-02T10:50:19","modified_gmt":"2024-09-02T08:50:19","slug":"ptv-logistics-blog","status":"publish","type":"page","link":"https:\/\/blog.ptvlogistics.com\/pl\/","title":{"rendered":"PTV Logistics Blog"},"content":{"rendered":"<div class=\"wpb-content-wrapper\"><p>[vc_row][vc_column][vc_column_text]<\/p>\n<h1>Blog o planowaniu i optymalizacji tras<\/h1>\n<p>[\/vc_column_text][\/vc_column][\/vc_row][vc_row][vc_column][vc_column_text]<div id=\"ajax-load-more\" class=\"ajax-load-more-wrap default\"  data-alm-id=\"\" data-canonical-url=\"https:\/\/blog.ptvlogistics.com\/pl\/\" data-slug=\"ptv-logistics-blog\" data-post-id=\"24422\"  data-localized=\"ajax_load_more_vars\" data-alm-object=\"ajax_load_more\"><div class=\"alm-masonry\" style=\"opacity: 0;\"><div aria-live=\"polite\" aria-atomic=\"true\" class=\"alm-listing alm-ajax grid\" data-container-type=\"div\" data-loading-style=\"default\" data-repeater=\"default\" data-post-type=\"post\" data-vars=\"cols:3\" data-order=\"DESC\" data-orderby=\"date\" data-offset=\"0\" data-posts-per-page=\"9\" data-lang=\"pl\" data-scroll=\"false\" data-pause=\"true\" data-button-label=\"Weitere Beitr\u00e4ge laden\" data-prev-button-label=\"Load Previous\" data-transition=\"masonry\" data-masonry-config=\"{&quot;selector&quot;:&quot;.grid-item&quot;,&quot;columnwidth&quot;:&quot;&quot;,&quot;animation&quot;:&quot;slide-up&quot;,&quot;horizontalorder&quot;:&quot;&quot;}\"><\/div><\/div><div class=\"alm-btn-wrap\" data-rel=\"ajax-load-more\"><button class=\"alm-load-more-btn ptvloadmore\" type=\"button\">Weitere Beitr\u00e4ge laden<\/button><\/div><\/div>[\/vc_column_text][\/vc_column][\/vc_row]<\/p>\n<\/div>","protected":false},"excerpt":{"rendered":"<p class=\"card-text\"> Blog o planowaniu i optymalizacji tras  [&#8230;]<\/p>\n<p class=\"m-0\"><a class=\"btn btn-outline-secondary btn-read-more\" href=\"https:\/\/blog.ptvlogistics.com\/pl\/\">Read More<\/a><\/p>\n","protected":false},"author":5,"featured_media":0,"parent":0,"menu_order":0,"comment_status":"closed","ping_status":"closed","template":"","meta":{"footnotes":""},"class_list":["post-24422","page","type-page","status-publish","hentry"],"yoast_head":"<!-- This site is optimized with the Yoast SEO plugin v27.4 - https:\/\/yoast.com\/product\/yoast-seo-wordpress\/ -->\n<title>Oprogramowanie, kt\u00f3re zmienia z\u0142o\u017cono\u015b\u0107 w wydajno\u015b\u0107 | PTV Logistics Blog<\/title>\n<meta name=\"description\" content=\"Oferujemy technologie, kt\u00f3re wykorzystuj\u0105 najlepsze algorytmy i dane w celu osi\u0105gni\u0119cia oszcz\u0119dno\u015bci koszt\u00f3w logistycznych i emisji.\" \/>\n<meta name=\"robots\" content=\"index, follow, max-snippet:-1, max-image-preview:large, max-video-preview:-1\" \/>\n<link rel=\"canonical\" href=\"https:\/\/blog.ptvlogistics.com\/pl\/\" \/>\n<meta property=\"og:locale\" content=\"pl_PL\" \/>\n<meta property=\"og:type\" content=\"article\" \/>\n<meta property=\"og:title\" content=\"Oprogramowanie, kt\u00f3re zmienia z\u0142o\u017cono\u015b\u0107 w wydajno\u015b\u0107 | PTV Logistics Blog\" \/>\n<meta property=\"og:description\" content=\"Oferujemy technologie, kt\u00f3re wykorzystuj\u0105 najlepsze algorytmy i dane w celu osi\u0105gni\u0119cia oszcz\u0119dno\u015bci koszt\u00f3w logistycznych i emisji.\" \/>\n<meta property=\"og:url\" content=\"https:\/\/blog.ptvlogistics.com\/pl\/\" \/>\n<meta property=\"og:site_name\" content=\"PTV Logistics Blog\" \/>\n<meta property=\"article:modified_time\" content=\"2024-09-02T08:50:19+00:00\" \/>\n<meta name=\"twitter:card\" content=\"summary_large_image\" \/>\n<meta name=\"twitter:label1\" content=\"Szacowany czas czytania\" \/>\n\t<meta name=\"twitter:data1\" content=\"1 minuta\" \/>\n<script type=\"application\/ld+json\" class=\"yoast-schema-graph\">{\"@context\":\"https:\\\/\\\/schema.org\",\"@graph\":[{\"@type\":\"WebPage\",\"@id\":\"https:\\\/\\\/blog.ptvlogistics.com\\\/pl\\\/\",\"url\":\"https:\\\/\\\/blog.ptvlogistics.com\\\/pl\\\/\",\"name\":\"Oprogramowanie, kt\u00f3re zmienia z\u0142o\u017cono\u015b\u0107 w wydajno\u015b\u0107 | PTV Logistics Blog\",\"isPartOf\":{\"@id\":\"https:\\\/\\\/blog.ptvlogistics.com\\\/en\\\/#website\"},\"datePublished\":\"2024-04-30T07:43:25+00:00\",\"dateModified\":\"2024-09-02T08:50:19+00:00\",\"description\":\"Oferujemy technologie, kt\u00f3re wykorzystuj\u0105 najlepsze algorytmy i dane w celu osi\u0105gni\u0119cia oszcz\u0119dno\u015bci koszt\u00f3w logistycznych i emisji.\",\"breadcrumb\":{\"@id\":\"https:\\\/\\\/blog.ptvlogistics.com\\\/pl\\\/#breadcrumb\"},\"inLanguage\":\"pl-PL\",\"potentialAction\":[{\"@type\":\"ReadAction\",\"target\":[\"https:\\\/\\\/blog.ptvlogistics.com\\\/pl\\\/\"]}]},{\"@type\":\"BreadcrumbList\",\"@id\":\"https:\\\/\\\/blog.ptvlogistics.com\\\/pl\\\/#breadcrumb\",\"itemListElement\":[{\"@type\":\"ListItem\",\"position\":1,\"name\":\"Startseite\",\"item\":\"https:\\\/\\\/blog.ptvlogistics.com\\\/pl\\\/\"},{\"@type\":\"ListItem\",\"position\":2,\"name\":\"PTV Logistics Blog\"}]},{\"@type\":\"WebSite\",\"@id\":\"https:\\\/\\\/blog.ptvlogistics.com\\\/en\\\/#website\",\"url\":\"https:\\\/\\\/blog.ptvlogistics.com\\\/en\\\/\",\"name\":\"PTV Logistics Blog\",\"description\":\"We passionately write about technology which has best-in-class algorithms and data to enhance savings in logistics costs and emissions.\",\"publisher\":{\"@id\":\"https:\\\/\\\/blog.ptvlogistics.com\\\/en\\\/#organization\"},\"potentialAction\":[{\"@type\":\"SearchAction\",\"target\":{\"@type\":\"EntryPoint\",\"urlTemplate\":\"https:\\\/\\\/blog.ptvlogistics.com\\\/en\\\/?s={search_term_string}\"},\"query-input\":{\"@type\":\"PropertyValueSpecification\",\"valueRequired\":true,\"valueName\":\"search_term_string\"}}],\"inLanguage\":\"pl-PL\"},{\"@type\":\"Organization\",\"@id\":\"https:\\\/\\\/blog.ptvlogistics.com\\\/en\\\/#organization\",\"name\":\"PTV Logistics\",\"url\":\"https:\\\/\\\/blog.ptvlogistics.com\\\/en\\\/\",\"logo\":{\"@type\":\"ImageObject\",\"inLanguage\":\"pl-PL\",\"@id\":\"https:\\\/\\\/blog.ptvlogistics.com\\\/en\\\/#\\\/schema\\\/logo\\\/image\\\/\",\"url\":\"https:\\\/\\\/blog.ptvlogistics.com\\\/wp-content\\\/uploads\\\/2023\\\/08\\\/PTV_Logistics_black_black.png\",\"contentUrl\":\"https:\\\/\\\/blog.ptvlogistics.com\\\/wp-content\\\/uploads\\\/2023\\\/08\\\/PTV_Logistics_black_black.png\",\"width\":1479,\"height\":266,\"caption\":\"PTV Logistics\"},\"image\":{\"@id\":\"https:\\\/\\\/blog.ptvlogistics.com\\\/en\\\/#\\\/schema\\\/logo\\\/image\\\/\"},\"sameAs\":[\"https:\\\/\\\/be.linkedin.com\\\/company\\\/ptvlogistics\",\"https:\\\/\\\/www.youtube.com\\\/@PTVGroupLogistics\"]}]}<\/script>\n<!-- \/ Yoast SEO plugin. -->","yoast_head_json":{"title":"Oprogramowanie, kt\u00f3re zmienia z\u0142o\u017cono\u015b\u0107 w wydajno\u015b\u0107 | PTV Logistics Blog","description":"Oferujemy technologie, kt\u00f3re wykorzystuj\u0105 najlepsze algorytmy i dane w celu osi\u0105gni\u0119cia oszcz\u0119dno\u015bci koszt\u00f3w logistycznych i emisji.","robots":{"index":"index","follow":"follow","max-snippet":"max-snippet:-1","max-image-preview":"max-image-preview:large","max-video-preview":"max-video-preview:-1"},"canonical":"https:\/\/blog.ptvlogistics.com\/pl\/","og_locale":"pl_PL","og_type":"article","og_title":"Oprogramowanie, kt\u00f3re zmienia z\u0142o\u017cono\u015b\u0107 w wydajno\u015b\u0107 | PTV Logistics Blog","og_description":"Oferujemy technologie, kt\u00f3re wykorzystuj\u0105 najlepsze algorytmy i dane w celu osi\u0105gni\u0119cia oszcz\u0119dno\u015bci koszt\u00f3w logistycznych i emisji.","og_url":"https:\/\/blog.ptvlogistics.com\/pl\/","og_site_name":"PTV Logistics Blog","article_modified_time":"2024-09-02T08:50:19+00:00","twitter_card":"summary_large_image","twitter_misc":{"Szacowany czas czytania":"1 minuta"},"schema":{"@context":"https:\/\/schema.org","@graph":[{"@type":"WebPage","@id":"https:\/\/blog.ptvlogistics.com\/pl\/","url":"https:\/\/blog.ptvlogistics.com\/pl\/","name":"Oprogramowanie, kt\u00f3re zmienia z\u0142o\u017cono\u015b\u0107 w wydajno\u015b\u0107 | PTV Logistics Blog","isPartOf":{"@id":"https:\/\/blog.ptvlogistics.com\/en\/#website"},"datePublished":"2024-04-30T07:43:25+00:00","dateModified":"2024-09-02T08:50:19+00:00","description":"Oferujemy technologie, kt\u00f3re wykorzystuj\u0105 najlepsze algorytmy i dane w celu osi\u0105gni\u0119cia oszcz\u0119dno\u015bci koszt\u00f3w logistycznych i emisji.","breadcrumb":{"@id":"https:\/\/blog.ptvlogistics.com\/pl\/#breadcrumb"},"inLanguage":"pl-PL","potentialAction":[{"@type":"ReadAction","target":["https:\/\/blog.ptvlogistics.com\/pl\/"]}]},{"@type":"BreadcrumbList","@id":"https:\/\/blog.ptvlogistics.com\/pl\/#breadcrumb","itemListElement":[{"@type":"ListItem","position":1,"name":"Startseite","item":"https:\/\/blog.ptvlogistics.com\/pl\/"},{"@type":"ListItem","position":2,"name":"PTV Logistics Blog"}]},{"@type":"WebSite","@id":"https:\/\/blog.ptvlogistics.com\/en\/#website","url":"https:\/\/blog.ptvlogistics.com\/en\/","name":"PTV Logistics Blog","description":"We passionately write about technology which has best-in-class algorithms and data to enhance savings in logistics costs and emissions.","publisher":{"@id":"https:\/\/blog.ptvlogistics.com\/en\/#organization"},"potentialAction":[{"@type":"SearchAction","target":{"@type":"EntryPoint","urlTemplate":"https:\/\/blog.ptvlogistics.com\/en\/?s={search_term_string}"},"query-input":{"@type":"PropertyValueSpecification","valueRequired":true,"valueName":"search_term_string"}}],"inLanguage":"pl-PL"},{"@type":"Organization","@id":"https:\/\/blog.ptvlogistics.com\/en\/#organization","name":"PTV Logistics","url":"https:\/\/blog.ptvlogistics.com\/en\/","logo":{"@type":"ImageObject","inLanguage":"pl-PL","@id":"https:\/\/blog.ptvlogistics.com\/en\/#\/schema\/logo\/image\/","url":"https:\/\/blog.ptvlogistics.com\/wp-content\/uploads\/2023\/08\/PTV_Logistics_black_black.png","contentUrl":"https:\/\/blog.ptvlogistics.com\/wp-content\/uploads\/2023\/08\/PTV_Logistics_black_black.png","width":1479,"height":266,"caption":"PTV Logistics"},"image":{"@id":"https:\/\/blog.ptvlogistics.com\/en\/#\/schema\/logo\/image\/"},"sameAs":["https:\/\/be.linkedin.com\/company\/ptvlogistics","https:\/\/www.youtube.com\/@PTVGroupLogistics"]}]}},"_links":{"self":[{"href":"https:\/\/blog.ptvlogistics.com\/pl\/wp-json\/wp\/v2\/pages\/24422","targetHints":{"allow":["GET"]}}],"collection":[{"href":"https:\/\/blog.ptvlogistics.com\/pl\/wp-json\/wp\/v2\/pages"}],"about":[{"href":"https:\/\/blog.ptvlogistics.com\/pl\/wp-json\/wp\/v2\/types\/page"}],"author":[{"embeddable":true,"href":"https:\/\/blog.ptvlogistics.com\/pl\/wp-json\/wp\/v2\/users\/5"}],"replies":[{"embeddable":true,"href":"https:\/\/blog.ptvlogistics.com\/pl\/wp-json\/wp\/v2\/comments?post=24422"}],"version-history":[{"count":3,"href":"https:\/\/blog.ptvlogistics.com\/pl\/wp-json\/wp\/v2\/pages\/24422\/revisions"}],"predecessor-version":[{"id":25432,"href":"https:\/\/blog.ptvlogistics.com\/pl\/wp-json\/wp\/v2\/pages\/24422\/revisions\/25432"}],"wp:attachment":[{"href":"https:\/\/blog.ptvlogistics.com\/pl\/wp-json\/wp\/v2\/media?parent=24422"}],"curies":[{"name":"wp","href":"https:\/\/api.w.org\/{rel}","templated":true}]}}